{"id":1503,"date":"2023-05-24T13:17:09","date_gmt":"2023-05-24T10:17:09","guid":{"rendered":"https:\/\/ferligs.com\/?post_type=product&#038;p=1503"},"modified":"2026-03-11T19:48:24","modified_gmt":"2026-03-11T17:48:24","slug":"engure","status":"publish","type":"product","link":"https:\/\/ferligs.com\/fi\/product\/engure\/","title":{"rendered":"ENGURE \u2013 Ruokap\u00f6yd\u00e4n h\u00e4m\u00e4h\u00e4kinjalat"},"content":{"rendered":"<p>ENGURE-ruokap\u00f6yd\u00e4n h\u00e4m\u00e4h\u00e4kinjalat on suunniteltu ruokailutilan arkkitehtoniseksi keskipisteeksi. Niiden riste\u00e4v\u00e4t ter\u00e4stuet muodostavat dynaamisen h\u00e4m\u00e4h\u00e4kkityylisen jalustan, jossa yhdistyv\u00e4t veistoksellinen eleganssi ja rakenteellinen tasapaino. Jalusta tarjoaa runsaasti jalkatilaa ja mukavan istuimen ilman, ett\u00e4 vakaus k\u00e4rsii. Avoin geometrinen muotoilu tekee jalustasta ihanteellisen sek\u00e4 suorakulmaisille ett\u00e4 luonnollisen muotoisille p\u00f6yt\u00e4levyille.<\/p>\n<p>Vankasta 60 \u00d7 60 mm:n korkealaatuisesta ter\u00e4sputkesta valmistettu runko tarjoaa poikkeuksellisen lujuuden ja kest\u00e4vyyden p\u00e4ivitt\u00e4iseen k\u00e4ytt\u00f6\u00f6n. Koko rakenne on viimeistelty sile\u00e4ll\u00e4 jauhemaalatulla kerroksella, joka kest\u00e4\u00e4 naarmuja ja kulutusta ja s\u00e4ilytt\u00e4\u00e4 hienostuneen ulkon\u00e4k\u00f6ns\u00e4 vuosien ajan. Vakiomalliset 5 mm:n kiinnitysrei\u00e4t takaavat turvallisen kiinnityksen p\u00f6yt\u00e4levyyn, kun taas hyvin suunniteltu geometria jakaa painon tasaisesti luotettavan tuen takaamiseksi.<\/p>\n<p>ENGURE-ruokap\u00f6yd\u00e4n h\u00e4m\u00e4h\u00e4kinjalat toimitetaan litte\u00e4n\u00e4 pakkauksena, joka takaa turvallisen kuljetuksen ja helpon toimituksen. Kokoonpano on helppoa ja intuitiivista, ja mukana toimitetaan kaikki kiinnikkeet sek\u00e4 selke\u00e4 kuvallinen ohje. Mukautettavien vaihtoehtojen avulla voit valita korkeuden, leveyden ja viimeistelyn, jotka sopivat t\u00e4ydellisesti sisustukseesi ja p\u00f6yt\u00e4levyn mittoihin. P\u00f6yt\u00e4levy ei sis\u00e4lly toimitukseen.<\/p>","protected":false},"excerpt":{"rendered":"<p>ENGURE-ruokap\u00f6yd\u00e4n h\u00e4m\u00e4h\u00e4kinjalat on valmistettu kest\u00e4vist\u00e4 60 \u00d7 60 mm:n ter\u00e4sputkista, jotka muodostavat rohkean riste\u00e4v\u00e4n ristikkorakenteen. Ne luovat vakaan ja visuaalisesti vaikuttavan pohjan moderneille ruokap\u00f6ydille. Jalustat on viimeistelty suojaavalla jauhemaalilla, ja niiss\u00e4 on vakiona 5 mm:n kiinnitysrei\u00e4t. Ne toimitetaan litte\u00e4n\u00e4 pakkauksena, jossa on mukana kaikki kiinnikkeet ja asennusohjeet. Jalustat ovat saatavana eri korkeuksina, leveyksin\u00e4 ja viimeistelyvaihtoehtoina.<\/p>","protected":false},"featured_media":1510,"template":"","meta":{"jetpack_publicize_message":"","jetpack_publicize_feature_enabled":true,"jetpack_social_post_already_shared":true,"jetpack_social_options":{"image_generator_settings":{"template":"highway","default_image_id":0,"font":"","enabled":false},"version":2}},"product_brand":[578],"product_cat":[113],"product_tag":[705],"class_list":{"0":"post-1503","1":"product","2":"type-product","3":"status-publish","4":"has-post-thumbnail","6":"product_brand-ferligs","7":"product_cat-table-legs","8":"product_tag-spider-legs","9":"product_shipping_class-tables-legs","11":"first","12":"instock","13":"sale","14":"taxable","15":"shipping-taxable","16":"purchasable","17":"product-type-variable","18":"has-default-attributes"},"featured_image_urls_v2":{"full":["https:\/\/ferligs.com\/wp-content\/uploads\/2023\/05\/9243-Webp820x680.webp",820,680,false],"thumbnail":["https:\/\/ferligs.com\/wp-content\/uploads\/2023\/05\/9243-Webp820x680.webp",150,124,false],"medium":["https:\/\/ferligs.com\/wp-content\/uploads\/2023\/05\/9243-Webp820x680.webp",300,249,false],"medium_large":["https:\/\/ferligs.com\/wp-content\/uploads\/2023\/05\/9243-Webp820x680.webp",768,637,false],"large":["https:\/\/ferligs.com\/wp-content\/uploads\/2023\/05\/9243-Webp820x680.webp",820,680,false],"1536x1536":["https:\/\/ferligs.com\/wp-content\/uploads\/2023\/05\/9243-Webp820x680.webp",820,680,false],"2048x2048":["https:\/\/ferligs.com\/wp-content\/uploads\/2023\/05\/9243-Webp820x680.webp",820,680,false],"trp-custom-language-flag":["https:\/\/ferligs.com\/wp-content\/uploads\/2023\/05\/9243-Webp820x680.webp",14,12,false],"woocommerce_archive_thumbnail":["https:\/\/ferligs.com\/wp-content\/uploads\/2023\/05\/9243-Webp820x680-300x249.webp",300,249,true],"woocommerce_thumbnail":["https:\/\/ferligs.com\/wp-content\/uploads\/2023\/05\/9243-Webp820x680.webp",300,249,false],"woocommerce_single":["https:\/\/ferligs.com\/wp-content\/uploads\/2023\/05\/9243-Webp820x680.webp",600,498,false],"woocommerce_gallery_thumbnail":["https:\/\/ferligs.com\/wp-content\/uploads\/2023\/05\/9243-Webp820x680-100x100.webp",100,100,true]},"post_excerpt_stackable_v2":"<p>ENGURE Dining Table Spider Legs feature a bold intersecting cross design crafted from durable 60 \u00d7 60 mm steel tube, creating a stable and visually striking base for modern dining tables; finished with a protective powder coating, equipped with standard 5 mm fixing holes, delivered flat-packed with all fasteners and assembly instructions, and available with custom height, width, and finish options.<\/p>\n","category_list_v2":"","author_info_v2":{"name":"","url":""},"comments_num_v2":"0 comments","jetpack_publicize_connections":[],"jetpack_sharing_enabled":true,"_links":{"self":[{"href":"https:\/\/ferligs.com\/fi\/wp-json\/wp\/v2\/product\/1503","targetHints":{"allow":["GET"]}}],"collection":[{"href":"https:\/\/ferligs.com\/fi\/wp-json\/wp\/v2\/product"}],"about":[{"href":"https:\/\/ferligs.com\/fi\/wp-json\/wp\/v2\/types\/product"}],"wp:featuredmedia":[{"embeddable":true,"href":"https:\/\/ferligs.com\/fi\/wp-json\/wp\/v2\/media\/1510"}],"wp:attachment":[{"href":"https:\/\/ferligs.com\/fi\/wp-json\/wp\/v2\/media?parent=1503"}],"wp:term":[{"taxonomy":"product_brand","embeddable":true,"href":"https:\/\/ferligs.com\/fi\/wp-json\/wp\/v2\/product_brand?post=1503"},{"taxonomy":"product_cat","embeddable":true,"href":"https:\/\/ferligs.com\/fi\/wp-json\/wp\/v2\/product_cat?post=1503"},{"taxonomy":"product_tag","embeddable":true,"href":"https:\/\/ferligs.com\/fi\/wp-json\/wp\/v2\/product_tag?post=1503"}],"curies":[{"name":"wp","href":"https:\/\/api.w.org\/{rel}","templated":true}]}}