{"id":1502,"date":"2023-05-24T13:04:52","date_gmt":"2023-05-24T10:04:52","guid":{"rendered":"https:\/\/ferligs.com\/?post_type=product&#038;p=1502"},"modified":"2026-04-02T12:52:02","modified_gmt":"2026-04-02T09:52:02","slug":"abava-table-base","status":"publish","type":"product","link":"https:\/\/ferligs.com\/fi\/product\/abava-table-base\/","title":{"rendered":"ABAVA &#8211; Elegant Table Base"},"content":{"rendered":"<p>Abava-metallip\u00f6yd\u00e4n jalusta yhdist\u00e4\u00e4 tyylikk\u00e4\u00e4n modernin muotoilun ja k\u00e4yt\u00e4nn\u00f6llisen toiminnallisuuden. Sen riste\u00e4v\u00e4t linjat muodostavat kauniin geometrisen kuvion, joka korostaa p\u00f6yd\u00e4n esteettisyytt\u00e4 ja mahdollistaa samalla maksimaalisen istumapaikkam\u00e4\u00e4r\u00e4n. T\u00e4m\u00e4 jalusta sopii sek\u00e4 nykyaikaisiin ett\u00e4 klassisiin sisustuksiin ja tarjoaa tyylikk\u00e4\u00e4n ja vakaan perustan erilaisille p\u00f6yt\u00e4levyille. Sen avoin muotoilu takaa mukavuuden ja helpon liikkumisen p\u00f6yd\u00e4n ymp\u00e4rill\u00e4.<\/p>\n<p>Abava-jalusta on valmistettu korkealaatuisesta ter\u00e4ksest\u00e4 ja t\u00e4ysin hitsattu, mik\u00e4 takaa kest\u00e4v\u00e4n vakauden ja lujuuden. Jokainen komponentti on p\u00e4\u00e4llystetty korkealaatuisella jauhemaalilla, joka kest\u00e4\u00e4 naarmuja ja kulutusta ja s\u00e4ilytt\u00e4\u00e4 kiillotetun ulkon\u00e4\u00f6n vuosien ajan. Vakiokokoonpano on yksinkertainen ja intuitiivinen, ja kaikki osat ja kuvitetut ohjeet ovat mukana nopeaa asennusta varten. Vankka metallirakenne takaa kest\u00e4vyyden p\u00e4ivitt\u00e4isess\u00e4 k\u00e4yt\u00f6ss\u00e4 tyylikkyydest\u00e4 tinkim\u00e4tt\u00e4.<\/p>\n<p>Mukautettavat vaihtoehdot tekev\u00e4t Abava-metallip\u00f6yd\u00e4njalasta eritt\u00e4in monipuolisen. Valitse haluamasi korkeus, leveys, viimeistely tai v\u00e4ri, jotta se sopii t\u00e4ydellisesti p\u00f6yt\u00e4levyyn ja sisustukseen. Olipa kyseess\u00e4 kotiruokap\u00f6yt\u00e4, toimistoty\u00f6tila tai kaupallinen ymp\u00e4rist\u00f6, t\u00e4m\u00e4 p\u00f6yd\u00e4njalka yhdist\u00e4\u00e4 visuaalisen eleganssin rakenteelliseen luotettavuuteen ja tarjoaa sek\u00e4 esteettisen vetovoiman ett\u00e4 k\u00e4yt\u00e4nn\u00f6llisen suorituskyvyn, joka on r\u00e4\u00e4t\u00e4l\u00f6ity projektisi vaatimuksiin.<\/p>","protected":false},"excerpt":{"rendered":"<p>Abava Metal Table Base on tyylik\u00e4s, korkealaatuinen ter\u00e4sjalusta, joka tuo hienostuneisuutta mihin tahansa ruokap\u00f6yt\u00e4\u00e4n. Sen riste\u00e4v\u00e4t linjat luovat visuaalisesti vaikuttavan muotoilun ja maksimoivat istumapaikat. Toimitetaan koottuna, selkeill\u00e4 ohjeilla ja kaikilla tarvittavilla osilla. T\u00e4m\u00e4 kest\u00e4v\u00e4, jauhemaalattu p\u00f6yt\u00e4jalusta voidaan r\u00e4\u00e4t\u00e4l\u00f6id\u00e4 haluamaasi kokoon ja viimeistelyyn.<\/p>","protected":false},"featured_media":1501,"template":"","meta":{"jetpack_publicize_message":"","jetpack_publicize_feature_enabled":true,"jetpack_social_post_already_shared":true,"jetpack_social_options":{"image_generator_settings":{"template":"highway","default_image_id":0,"font":"","enabled":false},"version":2}},"product_brand":[578],"product_cat":[113],"product_tag":[705,704,698],"class_list":{"0":"post-1502","1":"product","2":"type-product","3":"status-publish","4":"has-post-thumbnail","6":"product_brand-ferligs","7":"product_cat-table-legs","8":"product_tag-spider-legs","9":"product_tag-table-bases","10":"product_tag-x-shaped-table-legs","11":"product_shipping_class-tables-legs","13":"first","14":"instock","15":"sale","16":"taxable","17":"shipping-taxable","18":"purchasable","19":"product-type-variable","20":"has-default-attributes"},"featured_image_urls_v2":{"full":["https:\/\/ferligs.com\/wp-content\/uploads\/2023\/05\/9044-Webp820x680.webp",820,680,false],"thumbnail":["https:\/\/ferligs.com\/wp-content\/uploads\/2023\/05\/9044-Webp820x680.webp",150,124,false],"medium":["https:\/\/ferligs.com\/wp-content\/uploads\/2023\/05\/9044-Webp820x680.webp",300,249,false],"medium_large":["https:\/\/ferligs.com\/wp-content\/uploads\/2023\/05\/9044-Webp820x680.webp",768,637,false],"large":["https:\/\/ferligs.com\/wp-content\/uploads\/2023\/05\/9044-Webp820x680.webp",820,680,false],"1536x1536":["https:\/\/ferligs.com\/wp-content\/uploads\/2023\/05\/9044-Webp820x680.webp",820,680,false],"2048x2048":["https:\/\/ferligs.com\/wp-content\/uploads\/2023\/05\/9044-Webp820x680.webp",820,680,false],"trp-custom-language-flag":["https:\/\/ferligs.com\/wp-content\/uploads\/2023\/05\/9044-Webp820x680.webp",14,12,false],"woocommerce_archive_thumbnail":["https:\/\/ferligs.com\/wp-content\/uploads\/2023\/05\/9044-Webp820x680-300x249.webp",300,249,true],"woocommerce_thumbnail":["https:\/\/ferligs.com\/wp-content\/uploads\/2023\/05\/9044-Webp820x680.webp",300,249,false],"woocommerce_single":["https:\/\/ferligs.com\/wp-content\/uploads\/2023\/05\/9044-Webp820x680.webp",600,498,false],"woocommerce_gallery_thumbnail":["https:\/\/ferligs.com\/wp-content\/uploads\/2023\/05\/9044-Webp820x680-100x100.webp",100,100,true]},"post_excerpt_stackable_v2":"<p>Abava Metal Table Base is an elegant, high-quality steel base designed to add sophistication to any dining table. Its crossing lines create a visually striking design while maximizing seating space. Delivered unassembled with clear instructions and all necessary components, this durable powder-coated table base can be custom-made to match your preferred size and finish.<\/p>\n","category_list_v2":"","author_info_v2":{"name":"","url":""},"comments_num_v2":"0 comments","jetpack_publicize_connections":[],"jetpack_sharing_enabled":true,"_links":{"self":[{"href":"https:\/\/ferligs.com\/fi\/wp-json\/wp\/v2\/product\/1502","targetHints":{"allow":["GET"]}}],"collection":[{"href":"https:\/\/ferligs.com\/fi\/wp-json\/wp\/v2\/product"}],"about":[{"href":"https:\/\/ferligs.com\/fi\/wp-json\/wp\/v2\/types\/product"}],"wp:featuredmedia":[{"embeddable":true,"href":"https:\/\/ferligs.com\/fi\/wp-json\/wp\/v2\/media\/1501"}],"wp:attachment":[{"href":"https:\/\/ferligs.com\/fi\/wp-json\/wp\/v2\/media?parent=1502"}],"wp:term":[{"taxonomy":"product_brand","embeddable":true,"href":"https:\/\/ferligs.com\/fi\/wp-json\/wp\/v2\/product_brand?post=1502"},{"taxonomy":"product_cat","embeddable":true,"href":"https:\/\/ferligs.com\/fi\/wp-json\/wp\/v2\/product_cat?post=1502"},{"taxonomy":"product_tag","embeddable":true,"href":"https:\/\/ferligs.com\/fi\/wp-json\/wp\/v2\/product_tag?post=1502"}],"curies":[{"name":"wp","href":"https:\/\/api.w.org\/{rel}","templated":true}]}}