{"id":5104,"date":"2026-03-03T11:49:13","date_gmt":"2026-03-03T09:49:13","guid":{"rendered":"https:\/\/ferligs.com\/?post_type=product&#038;p=5104"},"modified":"2026-03-03T13:41:02","modified_gmt":"2026-03-03T11:41:02","slug":"kleisti-firewood-rack","status":"publish","type":"product","link":"https:\/\/ferligs.com\/es\/product\/kleisti-firewood-rack\/","title":{"rendered":"KLEISTI \u2013 Estante para le\u00f1a"},"content":{"rendered":"<p>El soporte decorativo para le\u00f1a Kleisti destaca por su arquitectura vanguardista, con llamativas l\u00edneas diagonales a lo largo de los laterales que crean un ritmo visual din\u00e1mico. Esta original elecci\u00f3n de dise\u00f1o no solo aporta un toque sofisticado a tu chimenea, sino que tambi\u00e9n ofrece una silueta \u00fanica que rompe con las soluciones de almacenamiento rectangulares tradicionales. Ya sea en un sal\u00f3n moderno o en un patio r\u00fastico, su geometr\u00eda art\u00edstica lo convierte en un aut\u00e9ntico tema de conversaci\u00f3n en cualquier espacio habitable.<\/p>\n<p>Dise\u00f1ado para soportar el peso de le\u00f1os de alta calidad, el modelo Kleisti est\u00e1 fabricado con un tubo cuadrado de acero de alta calidad de 2,5 x 2,5 cm. Cada pieza cuenta con un acabado de pintura en polvo de primera calidad, lo que proporciona una capa adicional de protecci\u00f3n contra la corrosi\u00f3n, el \u00f3xido y el desgaste general. Esto garantiza que la intrincada estructura diagonal se mantenga estructuralmente s\u00f3lida y visualmente atractiva con el paso del tiempo. Tanto si lo utiliza a diario como de forma estacional, este soporte decorativo para le\u00f1a est\u00e1 dise\u00f1ado para ofrecer la m\u00e1xima durabilidad y estilo.<\/p>\n<p>A pesar de su estilo art\u00edstico y sus detalles laterales en diagonal, el modelo Kleisti sigue siendo muy funcional, ya que ofrece un dise\u00f1o compacto con capacidad para una generosa cantidad de le\u00f1a. Su construcci\u00f3n estable lo hace adecuado tanto para interiores como para exteriores, lo que te permite trasladar f\u00e1cilmente la le\u00f1a del jard\u00edn a la chimenea. El dise\u00f1o abierto que proporcionan los refuerzos diagonales garantiza que los troncos se mantengan bien ventilados y listos para quemar, combinando as\u00ed la belleza con una gran utilidad pr\u00e1ctica.<\/p>\n<p>La funcionalidad se une a la innovaci\u00f3n en el soporte plegable inteligente Kleisti, lo que facilita su transporte y almacenamiento cuando no se utiliza. Cada soporte decorativo para le\u00f1a incluye instrucciones de montaje claras, lo que permite montarlo r\u00e1pidamente sin necesidad de herramientas especiales. Este dise\u00f1o listo para usar te garantiza que puedas empezar a organizar tu le\u00f1a nada m\u00e1s sacarlo de la caja. Disfruta de una combinaci\u00f3n de dise\u00f1o \u00fanico y mantenimiento sin esfuerzo con una soluci\u00f3n de almacenamiento que realmente realza la decoraci\u00f3n de tu hogar.<\/p>","protected":false},"excerpt":{"rendered":"<p>El soporte decorativo para le\u00f1a Kleisti presenta un dise\u00f1o \u00fanico y moderno con llamativas l\u00edneas en los laterales, fabricado en acero con recubrimiento en polvo de 2,5 x 2,5 cm de gran resistencia. Esta original silueta geom\u00e9trica ofrece una estructura estable y plegable, ideal tanto para uso en interiores como en exteriores. Al combinar un tama\u00f1o compacto con una amplia capacidad de almacenamiento, el Kleisti ofrece una soluci\u00f3n elegante y resistente a la oxidaci\u00f3n para mantener la le\u00f1a organizada, seca y lista para su uso en cualquier entorno contempor\u00e1neo.<\/p>","protected":false},"featured_media":5135,"template":"","meta":{"jetpack_publicize_message":"","jetpack_publicize_feature_enabled":true,"jetpack_social_post_already_shared":true,"jetpack_social_options":{"image_generator_settings":{"template":"highway","default_image_id":0,"font":"","enabled":false},"version":2}},"product_brand":[578],"product_cat":[112],"product_tag":[],"class_list":{"0":"post-5104","1":"product","2":"type-product","3":"status-publish","4":"has-post-thumbnail","6":"product_brand-ferligs","7":"product_cat-firewood","8":"product_shipping_class-racks","10":"first","11":"instock","12":"sale","13":"taxable","14":"shipping-taxable","15":"purchasable","16":"product-type-variable","17":"has-default-attributes"},"featured_image_urls_v2":{"full":["https:\/\/ferligs.com\/wp-content\/uploads\/2026\/03\/RACK3_1.webp",800,1000,false],"thumbnail":["https:\/\/ferligs.com\/wp-content\/uploads\/2026\/03\/RACK3_1-150x150.webp",150,150,true],"medium":["https:\/\/ferligs.com\/wp-content\/uploads\/2026\/03\/RACK3_1-240x300.webp",240,300,true],"medium_large":["https:\/\/ferligs.com\/wp-content\/uploads\/2026\/03\/RACK3_1-768x960.webp",768,960,true],"large":["https:\/\/ferligs.com\/wp-content\/uploads\/2026\/03\/RACK3_1.webp",800,1000,false],"1536x1536":["https:\/\/ferligs.com\/wp-content\/uploads\/2026\/03\/RACK3_1.webp",800,1000,false],"2048x2048":["https:\/\/ferligs.com\/wp-content\/uploads\/2026\/03\/RACK3_1.webp",800,1000,false],"trp-custom-language-flag":["https:\/\/ferligs.com\/wp-content\/uploads\/2026\/03\/RACK3_1-10x12.webp",10,12,true],"woocommerce_archive_thumbnail":["https:\/\/ferligs.com\/wp-content\/uploads\/2026\/03\/RACK3_1-300x375.webp",300,375,true],"woocommerce_thumbnail":["https:\/\/ferligs.com\/wp-content\/uploads\/2026\/03\/RACK3_1-300x375.webp",300,375,true],"woocommerce_single":["https:\/\/ferligs.com\/wp-content\/uploads\/2026\/03\/RACK3_1-600x750.webp",600,750,true],"woocommerce_gallery_thumbnail":["https:\/\/ferligs.com\/wp-content\/uploads\/2026\/03\/RACK3_1-100x100.webp",100,100,true]},"post_excerpt_stackable_v2":"<p>The Kleisti decorative firewood rack features a unique, modern design with striking lines on the sides, crafted from durable 2.5 x 2.5 cm powder-coated steel. This unusual geometric silhouette provides a stable, collapsible frame that is perfect for both indoor and outdoor use. Combining a small footprint with ample storage capacity, the Kleisti offers a rust-resistant and stylish solution for keeping your firewood organized, dry, and ready for use in any contemporary setting.<\/p>\n","category_list_v2":"","author_info_v2":{"name":"","url":""},"comments_num_v2":"0 comentarios","jetpack_publicize_connections":[],"jetpack_sharing_enabled":true,"_links":{"self":[{"href":"https:\/\/ferligs.com\/es\/wp-json\/wp\/v2\/product\/5104","targetHints":{"allow":["GET"]}}],"collection":[{"href":"https:\/\/ferligs.com\/es\/wp-json\/wp\/v2\/product"}],"about":[{"href":"https:\/\/ferligs.com\/es\/wp-json\/wp\/v2\/types\/product"}],"wp:featuredmedia":[{"embeddable":true,"href":"https:\/\/ferligs.com\/es\/wp-json\/wp\/v2\/media\/5135"}],"wp:attachment":[{"href":"https:\/\/ferligs.com\/es\/wp-json\/wp\/v2\/media?parent=5104"}],"wp:term":[{"taxonomy":"product_brand","embeddable":true,"href":"https:\/\/ferligs.com\/es\/wp-json\/wp\/v2\/product_brand?post=5104"},{"taxonomy":"product_cat","embeddable":true,"href":"https:\/\/ferligs.com\/es\/wp-json\/wp\/v2\/product_cat?post=5104"},{"taxonomy":"product_tag","embeddable":true,"href":"https:\/\/ferligs.com\/es\/wp-json\/wp\/v2\/product_tag?post=5104"}],"curies":[{"name":"wp","href":"https:\/\/api.w.org\/{rel}","templated":true}]}}