{"id":4780,"date":"2026-03-01T11:41:45","date_gmt":"2026-03-01T09:41:45","guid":{"rendered":"https:\/\/ferligs.com\/?post_type=product&#038;p=4780"},"modified":"2026-03-03T09:08:04","modified_gmt":"2026-03-03T07:08:04","slug":"kekava-towel-rack","status":"publish","type":"product","link":"https:\/\/ferligs.com\/es\/product\/kekava-towel-rack\/","title":{"rendered":"KEKAVA \u2013 Toallero de pared"},"content":{"rendered":"<p>El toallero de pared Kekava encarna la esencia del dise\u00f1o minimalista moderno. Con un perfil elegante y estilizado, este modelo est\u00e1 dise\u00f1ado espec\u00edficamente para complementar cualquier interior contempor\u00e1neo, desde hoteles de lujo hasta elegantes cuartos de ba\u00f1o dom\u00e9sticos. Su refinado aspecto industrial es mucho m\u00e1s que una simple soluci\u00f3n de almacenamiento; se trata de un sofisticado elemento decorativo que realza el atractivo visual de tus paredes, al tiempo que crea un ambiente limpio, organizado y di\u00e1fano que transmite una sensaci\u00f3n de lujo y calidez.<\/p>\n<p>Fabricado en acero de primera calidad, el modelo Kekava est\u00e1 dise\u00f1ado para ofrecer una durabilidad excepcional y un rendimiento duradero. Su estructura met\u00e1lica de alta calidad garantiza que el soporte se mantenga resistente y fiable incluso en el ambiente de alta humedad de un cuarto de ba\u00f1o. Cada soldadura y cada acabado se realizan con precisi\u00f3n, lo que da como resultado un producto robusto que resiste el desgaste. Se trata de una opci\u00f3n fiable para hogares con mucha actividad o espacios comerciales en los que la resistencia y el estilo deben ir de la mano durante muchos a\u00f1os.<\/p>\n<p>Con unas generosas dimensiones de 80 x 30 x 14 cm, este toallero de pared ofrece un amplio espacio para varias toallas de ba\u00f1o grandes, toallas de mano o incluso ropa de hogar decorativa. Su dise\u00f1o espacioso lo hace especialmente adecuado para familias numerosas o dormitorios principales en los que se necesita una mayor capacidad de almacenamiento. Al retirar las toallas del suelo y colocarlas en este elegante toallero, se aprovecha al m\u00e1ximo el espacio del cuarto de ba\u00f1o, creando un ambiente mucho m\u00e1s funcional, organizado y di\u00e1fano.<\/p>\n<p>Disfruta de una experiencia sin complicaciones gracias a la superficie f\u00e1cil de limpiar y al sencillo proceso de instalaci\u00f3n del estante Kekava. Te ofrecemos un producto tan f\u00e1cil de mantener como de montar, que solo requiere un r\u00e1pido repaso para mantenerse impecable. Adem\u00e1s, te ofrecemos amplias opciones de personalizaci\u00f3n, incluyendo acabados especializados y medidas a medida, para garantizar que tu estante se adapte perfectamente a tus necesidades arquitect\u00f3nicas espec\u00edficas. Transforma tu espacio con una soluci\u00f3n de almacenamiento personalizada que refleje tu gusto \u00fanico.<\/p>","protected":false},"excerpt":{"rendered":"<p>El toallero de pared Kekava es la combinaci\u00f3n perfecta entre minimalismo moderno y almacenamiento pr\u00e1ctico. Con una impresionante longitud de 80 cm, este elegante soporte de acero est\u00e1 dise\u00f1ado para colgar varias toallas sin perder su silueta estilizada y ligera. Su resistente estructura met\u00e1lica y sus l\u00edneas industriales limpias lo convierten en un elemento imprescindible para cualquier cuarto de ba\u00f1o contempor\u00e1neo, ya que ofrece una forma sofisticada de mantener el espacio organizado, seco y completamente despejado.<\/p>","protected":false},"featured_media":4893,"template":"","meta":{"jetpack_publicize_message":"","jetpack_publicize_feature_enabled":true,"jetpack_social_post_already_shared":true,"jetpack_social_options":{"image_generator_settings":{"template":"highway","default_image_id":0,"font":"","enabled":false},"version":2}},"product_brand":[578],"product_cat":[669],"product_tag":[],"class_list":{"0":"post-4780","1":"product","2":"type-product","3":"status-publish","4":"has-post-thumbnail","6":"product_brand-ferligs","7":"product_cat-towel-racks","8":"product_shipping_class-racks","10":"first","11":"instock","12":"taxable","13":"shipping-taxable","14":"purchasable","15":"product-type-variable","16":"has-default-attributes"},"featured_image_urls_v2":{"full":["https:\/\/ferligs.com\/wp-content\/uploads\/2026\/03\/IMG_3132.webp",1265,948,false],"thumbnail":["https:\/\/ferligs.com\/wp-content\/uploads\/2026\/03\/IMG_3132-150x150.webp",150,150,true],"medium":["https:\/\/ferligs.com\/wp-content\/uploads\/2026\/03\/IMG_3132-300x225.webp",300,225,true],"medium_large":["https:\/\/ferligs.com\/wp-content\/uploads\/2026\/03\/IMG_3132-768x576.webp",768,576,true],"large":["https:\/\/ferligs.com\/wp-content\/uploads\/2026\/03\/IMG_3132-1024x767.webp",1024,767,true],"1536x1536":["https:\/\/ferligs.com\/wp-content\/uploads\/2026\/03\/IMG_3132.webp",1265,948,false],"2048x2048":["https:\/\/ferligs.com\/wp-content\/uploads\/2026\/03\/IMG_3132.webp",1265,948,false],"trp-custom-language-flag":["https:\/\/ferligs.com\/wp-content\/uploads\/2026\/03\/IMG_3132-16x12.webp",16,12,true],"woocommerce_archive_thumbnail":["https:\/\/ferligs.com\/wp-content\/uploads\/2026\/03\/IMG_3132-300x225.webp",300,225,true],"woocommerce_thumbnail":["https:\/\/ferligs.com\/wp-content\/uploads\/2026\/03\/IMG_3132-300x225.webp",300,225,true],"woocommerce_single":["https:\/\/ferligs.com\/wp-content\/uploads\/2026\/03\/IMG_3132-600x450.webp",600,450,true],"woocommerce_gallery_thumbnail":["https:\/\/ferligs.com\/wp-content\/uploads\/2026\/03\/IMG_3132-100x100.webp",100,100,true]},"post_excerpt_stackable_v2":"<p>The Kekava wall mounted towel rack is the ultimate blend of modern minimalism and practical storage. Measuring an impressive 80cm, this sleek steel holder is designed to accommodate multiple towels while maintaining a streamlined, airy silhouette. Its durable metal construction and clean industrial lines make it an essential centerpiece for any contemporary bathroom, offering a sophisticated way to keep your space organized, dry, and completely clutter-free.<\/p>\n","category_list_v2":"","author_info_v2":{"name":"","url":""},"comments_num_v2":"0 comentarios","jetpack_publicize_connections":[],"jetpack_sharing_enabled":true,"_links":{"self":[{"href":"https:\/\/ferligs.com\/es\/wp-json\/wp\/v2\/product\/4780","targetHints":{"allow":["GET"]}}],"collection":[{"href":"https:\/\/ferligs.com\/es\/wp-json\/wp\/v2\/product"}],"about":[{"href":"https:\/\/ferligs.com\/es\/wp-json\/wp\/v2\/types\/product"}],"wp:featuredmedia":[{"embeddable":true,"href":"https:\/\/ferligs.com\/es\/wp-json\/wp\/v2\/media\/4893"}],"wp:attachment":[{"href":"https:\/\/ferligs.com\/es\/wp-json\/wp\/v2\/media?parent=4780"}],"wp:term":[{"taxonomy":"product_brand","embeddable":true,"href":"https:\/\/ferligs.com\/es\/wp-json\/wp\/v2\/product_brand?post=4780"},{"taxonomy":"product_cat","embeddable":true,"href":"https:\/\/ferligs.com\/es\/wp-json\/wp\/v2\/product_cat?post=4780"},{"taxonomy":"product_tag","embeddable":true,"href":"https:\/\/ferligs.com\/es\/wp-json\/wp\/v2\/product_tag?post=4780"}],"curies":[{"name":"wp","href":"https:\/\/api.w.org\/{rel}","templated":true}]}}