{"id":4692,"date":"2026-03-01T11:32:01","date_gmt":"2026-03-01T09:32:01","guid":{"rendered":"https:\/\/ferligs.com\/?post_type=product&#038;p=4692"},"modified":"2026-03-03T09:08:05","modified_gmt":"2026-03-03T07:08:05","slug":"daugmale-towel-rack","status":"publish","type":"product","link":"https:\/\/ferligs.com\/es\/product\/daugmale-towel-rack\/","title":{"rendered":"DAUGMALE \u2013 Toallero de pared"},"content":{"rendered":"<p>Dale un toque de distinci\u00f3n a tu hogar con el toallero vertical de pared Daugmale, una fusi\u00f3n perfecta entre la solidez industrial y la elegancia minimalista. Este elegante organizador est\u00e1 dise\u00f1ado para mucho m\u00e1s que simplemente colgar toallas; act\u00faa como un sofisticado elemento decorativo que complementa los estilos de decoraci\u00f3n modernos, n\u00f3rdicos o tipo loft. Sus l\u00edneas limpias y su perfil compacto te ayudan a mantener un espacio ordenado, lo que lo convierte en un complemento imprescindible para quienes valoran tanto el dise\u00f1o como la funcionalidad de alta gama en su vida cotidiana.<\/p>\n<p>La serie Daugmale combina durabilidad y versatilidad. Cada toallero de pared est\u00e1 fabricado con maestr\u00eda en acero de primera calidad, lo que garantiza una estructura robusta capaz de resistir el paso del tiempo. Para satisfacer tus necesidades espec\u00edficas de almacenamiento, ofrecemos tres tama\u00f1os distintos: peque\u00f1o (30 x 20 x 14 cm), mediano (50 x 20 x 14 cm) y grande (70 x 20 x 14 cm). Estas variantes te permiten elegir la capacidad ideal para todo, desde toallas de mano compactas hasta grandes y mullidas toallas de ba\u00f1o, proporcionando un ajuste a medida para cada hogar.<\/p>\n<p>Creemos en los productos que facilitan la vida. El toallero de pared Daugmale presenta un acabado liso y de alta calidad que es incre\u00edblemente f\u00e1cil de limpiar y mantener, y que se conserva impecable incluso en los ba\u00f1os con mucha humedad. Su instalaci\u00f3n es sencilla, lo que permite montarlo de forma r\u00e1pida y segura. Adem\u00e1s, ofrecemos opciones de personalizaci\u00f3n para acabados espec\u00edficos o tama\u00f1os a medida, lo que garantiza que tu nuevo toallero se adapte perfectamente a tu visi\u00f3n personal y a tus requisitos arquitect\u00f3nicos.<\/p>","protected":false},"excerpt":{"rendered":"<p>El toallero de pared Daugmale es una soluci\u00f3n elegante y minimalista dise\u00f1ada para aportar orden y un estilo contempor\u00e1neo a cualquier cuarto de ba\u00f1o. Fabricado en acero de alta calidad, este resistente organizador est\u00e1 disponible en tres tama\u00f1os vers\u00e1tiles para adaptarse perfectamente a tu espacio. Tanto si deseas ordenar un peque\u00f1o aseo como organizar un cuarto de ba\u00f1o familiar muy transitado, su construcci\u00f3n robusta y su est\u00e9tica industrial lo convierten en un elemento decorativo funcional para cualquier hogar moderno.<\/p>","protected":false},"featured_media":4771,"template":"","meta":{"jetpack_publicize_message":"","jetpack_publicize_feature_enabled":true,"jetpack_social_post_already_shared":true,"jetpack_social_options":{"image_generator_settings":{"template":"highway","default_image_id":0,"font":"","enabled":false},"version":2}},"product_brand":[578],"product_cat":[669],"product_tag":[],"class_list":{"0":"post-4692","1":"product","2":"type-product","3":"status-publish","4":"has-post-thumbnail","6":"product_brand-ferligs","7":"product_cat-towel-racks","8":"product_shipping_class-racks","10":"first","11":"instock","12":"taxable","13":"shipping-taxable","14":"purchasable","15":"product-type-variable","16":"has-default-attributes"},"featured_image_urls_v2":{"full":["https:\/\/ferligs.com\/wp-content\/uploads\/2026\/03\/IMG_3101-scaled.webp",2560,1920,false],"thumbnail":["https:\/\/ferligs.com\/wp-content\/uploads\/2026\/03\/IMG_3101-150x150.webp",150,150,true],"medium":["https:\/\/ferligs.com\/wp-content\/uploads\/2026\/03\/IMG_3101-300x225.webp",300,225,true],"medium_large":["https:\/\/ferligs.com\/wp-content\/uploads\/2026\/03\/IMG_3101-768x576.webp",768,576,true],"large":["https:\/\/ferligs.com\/wp-content\/uploads\/2026\/03\/IMG_3101-1024x768.webp",1024,768,true],"1536x1536":["https:\/\/ferligs.com\/wp-content\/uploads\/2026\/03\/IMG_3101-1536x1152.webp",1536,1152,true],"2048x2048":["https:\/\/ferligs.com\/wp-content\/uploads\/2026\/03\/IMG_3101-2048x1536.webp",2048,1536,true],"trp-custom-language-flag":["https:\/\/ferligs.com\/wp-content\/uploads\/2026\/03\/IMG_3101-16x12.webp",16,12,true],"woocommerce_archive_thumbnail":["https:\/\/ferligs.com\/wp-content\/uploads\/2026\/03\/IMG_3101-300x225.webp",300,225,true],"woocommerce_thumbnail":["https:\/\/ferligs.com\/wp-content\/uploads\/2026\/03\/IMG_3101-300x225.webp",300,225,true],"woocommerce_single":["https:\/\/ferligs.com\/wp-content\/uploads\/2026\/03\/IMG_3101-600x450.webp",600,450,true],"woocommerce_gallery_thumbnail":["https:\/\/ferligs.com\/wp-content\/uploads\/2026\/03\/IMG_3101-100x100.webp",100,100,true]},"post_excerpt_stackable_v2":"<p>The Daugmale wall mounted towel rack is a sleek, minimalist solution designed to bring order and contemporary style to any bathroom. Crafted from high-quality steel, this durable organizer is available in three versatile sizes to perfectly fit your space. Whether you are looking to declutter a small powder room or organize a busy family bathroom, its sturdy construction and industrial aesthetic make it a functional statement piece for any modern home.<\/p>\n","category_list_v2":"","author_info_v2":{"name":"","url":""},"comments_num_v2":"0 comentarios","jetpack_publicize_connections":[],"jetpack_sharing_enabled":true,"_links":{"self":[{"href":"https:\/\/ferligs.com\/es\/wp-json\/wp\/v2\/product\/4692","targetHints":{"allow":["GET"]}}],"collection":[{"href":"https:\/\/ferligs.com\/es\/wp-json\/wp\/v2\/product"}],"about":[{"href":"https:\/\/ferligs.com\/es\/wp-json\/wp\/v2\/types\/product"}],"wp:featuredmedia":[{"embeddable":true,"href":"https:\/\/ferligs.com\/es\/wp-json\/wp\/v2\/media\/4771"}],"wp:attachment":[{"href":"https:\/\/ferligs.com\/es\/wp-json\/wp\/v2\/media?parent=4692"}],"wp:term":[{"taxonomy":"product_brand","embeddable":true,"href":"https:\/\/ferligs.com\/es\/wp-json\/wp\/v2\/product_brand?post=4692"},{"taxonomy":"product_cat","embeddable":true,"href":"https:\/\/ferligs.com\/es\/wp-json\/wp\/v2\/product_cat?post=4692"},{"taxonomy":"product_tag","embeddable":true,"href":"https:\/\/ferligs.com\/es\/wp-json\/wp\/v2\/product_tag?post=4692"}],"curies":[{"name":"wp","href":"https:\/\/api.w.org\/{rel}","templated":true}]}}