{"id":4289,"date":"2026-02-25T09:39:43","date_gmt":"2026-02-25T07:39:43","guid":{"rendered":"https:\/\/ferligs.com\/?post_type=product&#038;p=4289"},"modified":"2026-03-11T20:08:15","modified_gmt":"2026-03-11T18:08:15","slug":"uzava-table-legs","status":"publish","type":"product","link":"https:\/\/ferligs.com\/es\/product\/uzava-table-legs\/","title":{"rendered":"UZAVA - Par de patas de mesa (en forma de U)"},"content":{"rendered":"<p>El modelo Uzava representa una sofisticada interpretaci\u00f3n del dise\u00f1o industrial, que ofrece una est\u00e9tica atrevida a la par que refinada para cualquier interior moderno. Estas patas de mesa en forma de U est\u00e1n fabricadas con maestr\u00eda para combinar la elegancia minimalista con una gran resistencia. Dise\u00f1adas con un toque inspirado en los lofts, se integran a la perfecci\u00f3n en la decoraci\u00f3n de la cocina o el sal\u00f3n, proporcionando una base llamativa para tus muebles. Las l\u00edneas limpias y las proporciones equilibradas garantizan que tu mesa siga siendo un elemento central atemporal.<\/p>\n<p>La calidad es el eje central de la serie Uzava. Cada base est\u00e1 fabricada con metal de primera calidad, concretamente con un robusto tubo de acero de 80 x 40 mm que garantiza una resistencia excepcional. Para asegurar un acabado impecable y duradero, todos los componentes se someten a un proceso profesional de recubrimiento en polvo. Esta capa protectora no solo realza su elegante aspecto, sino que tambi\u00e9n ofrece una resistencia superior al desgaste, lo que permite mantener el aspecto original de las patas de su mesa en forma de U durante muchos a\u00f1os.<\/p>\n<p>La ingenier\u00eda se une a la versatilidad en los soportes Uzava. Tanto si est\u00e1s montando una mesa de comedor pesada como un elegante banco para el recibidor, estas patas de mesa en forma de U ofrecen la estabilidad necesaria para diversos materiales de tablero. De serie, la base viene con orificios de montaje de 5 mm ya perforados para facilitar un proceso de instalaci\u00f3n sencillo y seguro. El perfil ancho del tubo de 80 x 40 mm proporciona una gran solidez, lo que los convierte en la opci\u00f3n ideal para quienes valoran tanto la forma como la fiabilidad funcional.<\/p>\n<p>Somos conscientes de que cada proyecto de interiorismo es \u00fanico, por lo que el modelo Uzava es totalmente personalizable para adaptarse a tus necesidades espec\u00edficas. Adem\u00e1s de nuestras dimensiones est\u00e1ndar para mesas y bancos, ofrecemos ajustes a medida en cuanto a altura, anchura y gama de colores. Si tienes una idea concreta o necesitas unos par\u00e1metros t\u00e9cnicos espec\u00edficos, nuestro equipo est\u00e1 preparado para crear patas de mesa en forma de U a medida, dise\u00f1adas exclusivamente para ti. Ten en cuenta que el precio indicado corresponde \u00fanicamente a la base met\u00e1lica, sin incluir el tablero.<\/p>","protected":false},"excerpt":{"rendered":"<p>Las patas de mesa en forma de U de Uzava combinan la resistencia industrial con una est\u00e9tica minimalista de estilo loft, y cuentan con un robusto perfil de acero de 80 x 40 mm y un acabado duradero con recubrimiento en polvo. Dise\u00f1adas tanto para mesas de comedor como para bancos, estas bases met\u00e1licas de alta calidad ofrecen una estabilidad excepcional y un aspecto elegante y moderno. Totalmente personalizable en tama\u00f1o y color, el modelo Uzava es la base perfecta para proyectos de mobiliario a medida que requieren un equilibrio entre elegancia y durabilidad.<\/p>","protected":false},"featured_media":5152,"template":"","meta":{"jetpack_publicize_message":"","jetpack_publicize_feature_enabled":true,"jetpack_social_post_already_shared":true,"jetpack_social_options":{"image_generator_settings":{"template":"highway","default_image_id":0,"font":"","enabled":false},"version":2}},"product_brand":[578],"product_cat":[113],"product_tag":[699],"class_list":{"0":"post-4289","1":"product","2":"type-product","3":"status-publish","4":"has-post-thumbnail","6":"product_brand-ferligs","7":"product_cat-table-legs","8":"product_tag-u-shaped-table-legs","9":"product_shipping_class-tables-legs","11":"first","12":"instock","13":"sale","14":"taxable","15":"shipping-taxable","16":"purchasable","17":"product-type-variable","18":"has-default-attributes"},"featured_image_urls_v2":{"full":["https:\/\/ferligs.com\/wp-content\/uploads\/2026\/02\/photo_2026-03-04_13-57-58.webp",1280,960,false],"thumbnail":["https:\/\/ferligs.com\/wp-content\/uploads\/2026\/02\/photo_2026-03-04_13-57-58-150x150.webp",150,150,true],"medium":["https:\/\/ferligs.com\/wp-content\/uploads\/2026\/02\/photo_2026-03-04_13-57-58-300x225.webp",300,225,true],"medium_large":["https:\/\/ferligs.com\/wp-content\/uploads\/2026\/02\/photo_2026-03-04_13-57-58-768x576.webp",768,576,true],"large":["https:\/\/ferligs.com\/wp-content\/uploads\/2026\/02\/photo_2026-03-04_13-57-58-1024x768.webp",1024,768,true],"1536x1536":["https:\/\/ferligs.com\/wp-content\/uploads\/2026\/02\/photo_2026-03-04_13-57-58.webp",1280,960,false],"2048x2048":["https:\/\/ferligs.com\/wp-content\/uploads\/2026\/02\/photo_2026-03-04_13-57-58.webp",1280,960,false],"trp-custom-language-flag":["https:\/\/ferligs.com\/wp-content\/uploads\/2026\/02\/photo_2026-03-04_13-57-58-16x12.webp",16,12,true],"woocommerce_archive_thumbnail":["https:\/\/ferligs.com\/wp-content\/uploads\/2026\/02\/photo_2026-03-04_13-57-58-300x225.webp",300,225,true],"woocommerce_thumbnail":["https:\/\/ferligs.com\/wp-content\/uploads\/2026\/02\/photo_2026-03-04_13-57-58-300x225.webp",300,225,true],"woocommerce_single":["https:\/\/ferligs.com\/wp-content\/uploads\/2026\/02\/photo_2026-03-04_13-57-58-600x450.webp",600,450,true],"woocommerce_gallery_thumbnail":["https:\/\/ferligs.com\/wp-content\/uploads\/2026\/02\/photo_2026-03-04_13-57-58-100x100.webp",100,100,true]},"post_excerpt_stackable_v2":"<p>The Uzava U-Shaped table legs combine industrial strength with a minimalist loft aesthetic, featuring a robust 80 x 40 mm steel profile and a durable powder-coated finish. Designed for both dining tables and benches, these high-quality metal bases provide exceptional stability and a sleek, modern look. Fully customizable in size and color, the Uzava model is the perfect foundation for bespoke furniture projects that require a balance of elegance and long-lasting durability.<\/p>\n","category_list_v2":"","author_info_v2":{"name":"","url":""},"comments_num_v2":"0 comentarios","jetpack_publicize_connections":[],"jetpack_sharing_enabled":true,"_links":{"self":[{"href":"https:\/\/ferligs.com\/es\/wp-json\/wp\/v2\/product\/4289","targetHints":{"allow":["GET"]}}],"collection":[{"href":"https:\/\/ferligs.com\/es\/wp-json\/wp\/v2\/product"}],"about":[{"href":"https:\/\/ferligs.com\/es\/wp-json\/wp\/v2\/types\/product"}],"wp:featuredmedia":[{"embeddable":true,"href":"https:\/\/ferligs.com\/es\/wp-json\/wp\/v2\/media\/5152"}],"wp:attachment":[{"href":"https:\/\/ferligs.com\/es\/wp-json\/wp\/v2\/media?parent=4289"}],"wp:term":[{"taxonomy":"product_brand","embeddable":true,"href":"https:\/\/ferligs.com\/es\/wp-json\/wp\/v2\/product_brand?post=4289"},{"taxonomy":"product_cat","embeddable":true,"href":"https:\/\/ferligs.com\/es\/wp-json\/wp\/v2\/product_cat?post=4289"},{"taxonomy":"product_tag","embeddable":true,"href":"https:\/\/ferligs.com\/es\/wp-json\/wp\/v2\/product_tag?post=4289"}],"curies":[{"name":"wp","href":"https:\/\/api.w.org\/{rel}","templated":true}]}}