{"id":1956,"date":"2025-03-03T22:58:06","date_gmt":"2025-03-03T20:58:06","guid":{"rendered":"https:\/\/ferligs.com\/?post_type=product&#038;p=1956"},"modified":"2026-03-05T16:15:35","modified_gmt":"2026-03-05T14:15:35","slug":"daugava","status":"publish","type":"product","link":"https:\/\/ferligs.com\/es\/product\/daugava\/","title":{"rendered":"DAUGAVA \u2014 Patas aracnoide para mesa"},"content":{"rendered":"<p>Eleva tu proyecto de mobiliario con las patas de mesa tipo ara\u00f1a DAUGAVA, una combinaci\u00f3n perfecta de fuerza industrial y dise\u00f1o contempor\u00e1neo. Ya sea que est\u00e9s construyendo una mesa de comedor nueva o un espacio de trabajo DIY, estas patas de metal proporcionan una base s\u00f3lida con una silueta inconfundible.<\/p>\n<p>El estilo \"spider\" se define por sus l\u00edneas cruzadas din\u00e1micas, creando una pieza central que se ve diferente desde cada \u00e1ngulo. Cada base est\u00e1 soldada con precisi\u00f3n a partir de tubos de acero de 5x5 cm de alta calidad y acabada con una pintura en polvo resistente a los ara\u00f1azos. Esto asegura que tu mesa siga siendo el centro de atenci\u00f3n durante a\u00f1os.<\/p>\n<p>No dejes que las l\u00edneas elegantes te enga\u00f1en: la base DAUGAVA es muy resistente. Con una capacidad de carga de 150 kg, soporta f\u00e1cilmente tableros pesados de madera maciza o piedra. Para proteger el suelo y asegurar una superficie nivelada, incluimos pies ajustables y almohadillas de fieltro en cada paquete.<\/p>\n<p>Creemos que cada espacio es \u00fanico. Por eso ofrecemos personalizaci\u00f3n total. Elige entre una variedad de colores, desde el cl\u00e1sico negro mate hasta el lujoso dorado, u opta por el look de acero bruto (Raw Steel) para un estilo industrial puro. \u00bfNecesitas una altura o anchura espec\u00edfica? Cont\u00e1ctanos y lo fabricaremos a medida.<\/p>","protected":false},"excerpt":{"rendered":"<p>Base met\u00e1lica de forma ara\u00f1a, de estilo elegante, con pulverizado y dise\u00f1o \u00fanico de l\u00edneas intercaladas. Robusto y fiable, con posibilidad de calibrar y colorear a medida. Altura: ~71 cm.<\/p>\n<p>55\u00d790 cm \u2192 se adapta a tableros de mesa de 60-80\u00d7120-160 cm<br \/>\n75\u00d7115 cm \u2192 se adapta a tableros de mesa de 80-110\u00d7160-240 cm<\/p>\n<p>Precio solo por la base (tablero no incluido). F\u00e1cil montaje.<\/p>","protected":false},"featured_media":1969,"template":"","meta":{"jetpack_publicize_message":"","jetpack_publicize_feature_enabled":true,"jetpack_social_post_already_shared":true,"jetpack_social_options":{"image_generator_settings":{"template":"highway","default_image_id":0,"font":"","enabled":false},"version":2}},"product_brand":[578],"product_cat":[113],"product_tag":[705,704],"class_list":{"0":"post-1956","1":"product","2":"type-product","3":"status-publish","4":"has-post-thumbnail","6":"product_brand-ferligs","7":"product_cat-table-legs","8":"product_tag-spider-legs","9":"product_tag-table-bases","10":"product_shipping_class-tables-legs","12":"first","13":"instock","14":"sale","15":"taxable","16":"shipping-taxable","17":"purchasable","18":"product-type-variable","19":"has-default-attributes"},"featured_image_urls_v2":{"full":["https:\/\/ferligs.com\/wp-content\/uploads\/2025\/03\/TBL_19_1640x1360_8.webp",1640,1360,false],"thumbnail":["https:\/\/ferligs.com\/wp-content\/uploads\/2025\/03\/TBL_19_1640x1360_8-150x150.webp",150,150,true],"medium":["https:\/\/ferligs.com\/wp-content\/uploads\/2025\/03\/TBL_19_1640x1360_8-300x249.webp",300,249,true],"medium_large":["https:\/\/ferligs.com\/wp-content\/uploads\/2025\/03\/TBL_19_1640x1360_8-768x637.webp",768,637,true],"large":["https:\/\/ferligs.com\/wp-content\/uploads\/2025\/03\/TBL_19_1640x1360_8-1024x849.webp",1024,849,true],"1536x1536":["https:\/\/ferligs.com\/wp-content\/uploads\/2025\/03\/TBL_19_1640x1360_8-1536x1274.webp",1536,1274,true],"2048x2048":["https:\/\/ferligs.com\/wp-content\/uploads\/2025\/03\/TBL_19_1640x1360_8.webp",1640,1360,false],"trp-custom-language-flag":["https:\/\/ferligs.com\/wp-content\/uploads\/2025\/03\/TBL_19_1640x1360_8-14x12.webp",14,12,true],"woocommerce_archive_thumbnail":["https:\/\/ferligs.com\/wp-content\/uploads\/2025\/03\/TBL_19_1640x1360_8-300x249.webp",300,249,true],"woocommerce_thumbnail":["https:\/\/ferligs.com\/wp-content\/uploads\/2025\/03\/TBL_19_1640x1360_8-300x249.webp",300,249,true],"woocommerce_single":["https:\/\/ferligs.com\/wp-content\/uploads\/2025\/03\/TBL_19_1640x1360_8-600x498.webp",600,498,true],"woocommerce_gallery_thumbnail":["https:\/\/ferligs.com\/wp-content\/uploads\/2025\/03\/TBL_19_1640x1360_8-100x100.webp",100,100,true]},"post_excerpt_stackable_v2":"<p>Stylish powder-coated metal table base with unique crossing lines design. Durable, customizable size &#038; color. Height ~71 cm.<\/p>\n<p>55\u00d790 cm \u2192 fits 60-80\u00d7120-160 cm tabletop<br \/>\n75\u00d7115 cm \u2192 fits 80-110\u00d7160-240 cm tabletop<\/p>\n<p>Price for base only (tabletop not included). Easy assembly.<\/p>\n","category_list_v2":"","author_info_v2":{"name":"","url":""},"comments_num_v2":"0 comentarios","jetpack_publicize_connections":[],"jetpack_sharing_enabled":true,"_links":{"self":[{"href":"https:\/\/ferligs.com\/es\/wp-json\/wp\/v2\/product\/1956","targetHints":{"allow":["GET"]}}],"collection":[{"href":"https:\/\/ferligs.com\/es\/wp-json\/wp\/v2\/product"}],"about":[{"href":"https:\/\/ferligs.com\/es\/wp-json\/wp\/v2\/types\/product"}],"wp:featuredmedia":[{"embeddable":true,"href":"https:\/\/ferligs.com\/es\/wp-json\/wp\/v2\/media\/1969"}],"wp:attachment":[{"href":"https:\/\/ferligs.com\/es\/wp-json\/wp\/v2\/media?parent=1956"}],"wp:term":[{"taxonomy":"product_brand","embeddable":true,"href":"https:\/\/ferligs.com\/es\/wp-json\/wp\/v2\/product_brand?post=1956"},{"taxonomy":"product_cat","embeddable":true,"href":"https:\/\/ferligs.com\/es\/wp-json\/wp\/v2\/product_cat?post=1956"},{"taxonomy":"product_tag","embeddable":true,"href":"https:\/\/ferligs.com\/es\/wp-json\/wp\/v2\/product_tag?post=1956"}],"curies":[{"name":"wp","href":"https:\/\/api.w.org\/{rel}","templated":true}]}}