{"id":1792,"date":"2024-09-01T22:06:38","date_gmt":"2024-09-01T19:06:38","guid":{"rendered":"https:\/\/ferligs.com\/?post_type=product&#038;p=1792"},"modified":"2026-03-03T09:09:31","modified_gmt":"2026-03-03T07:09:31","slug":"priedaine-firewood-rack","status":"publish","type":"product","link":"https:\/\/ferligs.com\/es\/product\/priedaine-firewood-rack\/","title":{"rendered":"PRIEDAINE \u2013 Estante para le\u00f1a de interior"},"content":{"rendered":"<p>El soporte de le\u00f1a Priedaine es un soporte de le\u00f1a de interior elegante y pr\u00e1ctico, dise\u00f1ado para almacenar la le\u00f1a de manera ordenada, segura y accesible. Perfecto para hogares modernos, caba\u00f1as y chimeneas, combina durabilidad, funcionalidad y dise\u00f1o minimalista en un formato compacto.<\/p>\n<p>Fabricado con tubo cuadrado de acero de alta resistencia (2,5 \u00d7 2,5 cm), Priedaine est\u00e1 construido para durar. Su estructura s\u00f3lida evita vuelcos, sostiene la le\u00f1a pesada de forma segura y garantiza estabilidad a largo plazo incluso con un uso frecuente.<\/p>\n<p>La superficie est\u00e1 tratada con un acabado de pintura en polvo de alta calidad, que protege el acero contra el \u00f3xido, los ara\u00f1azos y la humedad. Esto hace que el soporte sea ideal para uso en interiores. El acabado negro mate se integra perfectamente en interiores modernos, escandinavos, industriales y r\u00fasticos.<\/p>\n<p>A pesar de su tama\u00f1o compacto, Priedaine puede almacenar una cantidad generosa de le\u00f1a para uso diario, manteniendo el \u00e1rea de la chimenea organizada y limpia. El dise\u00f1o abierto permite la circulaci\u00f3n del aire alrededor de la le\u00f1a, manteni\u00e9ndola seca y lista para usar.<\/p>\n<p>Este soporte de le\u00f1a de interior es ideal para salas de estar, cerca de estufas, caba\u00f1as o cualquier espacio donde se quiera almacenar la le\u00f1a de forma ordenada y con estilo. Su dise\u00f1o elegante convierte la le\u00f1a en parte de la decoraci\u00f3n, a\u00f1adiendo calidez y confort.<\/p>\n<p>El producto se entrega totalmente ensamblado y listo para usar. Mantenimiento m\u00ednimo: simplemente limpiar con un pa\u00f1o seco o ligeramente h\u00famedo seg\u00fan sea necesario.<\/p>\n<p>Dimensiones: 40 \u00d7 50 \u00d7 25 cm (A \u00d7 An \u00d7 P)<\/p>","protected":false},"excerpt":{"rendered":"<p>El soporte de le\u00f1a Priedaine es un soporte de le\u00f1a de interior compacto de acero resistente. Mantiene la le\u00f1a organizada, limpia y f\u00e1cil de alcanzar. Pintura en polvo para mayor durabilidad. Se entrega totalmente montado.<\/p>","protected":false},"featured_media":1796,"template":"","meta":{"jetpack_publicize_message":"","jetpack_publicize_feature_enabled":true,"jetpack_social_post_already_shared":false,"jetpack_social_options":{"image_generator_settings":{"template":"highway","default_image_id":0,"font":"","enabled":false},"version":2}},"product_brand":[578],"product_cat":[112],"product_tag":[],"class_list":{"0":"post-1792","1":"product","2":"type-product","3":"status-publish","4":"has-post-thumbnail","6":"product_brand-ferligs","7":"product_cat-firewood","8":"product_shipping_class-racks","10":"first","11":"instock","12":"taxable","13":"shipping-taxable","14":"purchasable","15":"product-type-variable","16":"has-default-attributes"},"featured_image_urls_v2":{"full":["https:\/\/ferligs.com\/wp-content\/uploads\/2024\/09\/IMG_0827-Webp1640x1360.webp",1640,1360,false],"thumbnail":["https:\/\/ferligs.com\/wp-content\/uploads\/2024\/09\/IMG_0827-Webp1640x1360-150x150.webp",150,150,true],"medium":["https:\/\/ferligs.com\/wp-content\/uploads\/2024\/09\/IMG_0827-Webp1640x1360-300x249.webp",300,249,true],"medium_large":["https:\/\/ferligs.com\/wp-content\/uploads\/2024\/09\/IMG_0827-Webp1640x1360-768x637.webp",768,637,true],"large":["https:\/\/ferligs.com\/wp-content\/uploads\/2024\/09\/IMG_0827-Webp1640x1360-1024x849.webp",1024,849,true],"1536x1536":["https:\/\/ferligs.com\/wp-content\/uploads\/2024\/09\/IMG_0827-Webp1640x1360-1536x1274.webp",1536,1274,true],"2048x2048":["https:\/\/ferligs.com\/wp-content\/uploads\/2024\/09\/IMG_0827-Webp1640x1360.webp",1640,1360,false],"trp-custom-language-flag":["https:\/\/ferligs.com\/wp-content\/uploads\/2024\/09\/IMG_0827-Webp1640x1360.webp",14,12,false],"woocommerce_archive_thumbnail":["https:\/\/ferligs.com\/wp-content\/uploads\/2024\/09\/IMG_0827-Webp1640x1360-300x249.webp",300,249,true],"woocommerce_thumbnail":["https:\/\/ferligs.com\/wp-content\/uploads\/2024\/09\/IMG_0827-Webp1640x1360-300x249.webp",300,249,true],"woocommerce_single":["https:\/\/ferligs.com\/wp-content\/uploads\/2024\/09\/IMG_0827-Webp1640x1360-600x498.webp",600,498,true],"woocommerce_gallery_thumbnail":["https:\/\/ferligs.com\/wp-content\/uploads\/2024\/09\/IMG_0827-Webp1640x1360-100x100.webp",100,100,true]},"post_excerpt_stackable_v2":"<p>Priedaine Firewood Rack is a compact indoor firewood rack made of strong steel. It keeps firewood organized, clean, and easy to access. Powder-coated for durability. Delivered fully assembled.<\/p>\n","category_list_v2":"","author_info_v2":{"name":"","url":""},"comments_num_v2":"0 comentarios","jetpack_publicize_connections":[],"jetpack_sharing_enabled":true,"_links":{"self":[{"href":"https:\/\/ferligs.com\/es\/wp-json\/wp\/v2\/product\/1792","targetHints":{"allow":["GET"]}}],"collection":[{"href":"https:\/\/ferligs.com\/es\/wp-json\/wp\/v2\/product"}],"about":[{"href":"https:\/\/ferligs.com\/es\/wp-json\/wp\/v2\/types\/product"}],"wp:featuredmedia":[{"embeddable":true,"href":"https:\/\/ferligs.com\/es\/wp-json\/wp\/v2\/media\/1796"}],"wp:attachment":[{"href":"https:\/\/ferligs.com\/es\/wp-json\/wp\/v2\/media?parent=1792"}],"wp:term":[{"taxonomy":"product_brand","embeddable":true,"href":"https:\/\/ferligs.com\/es\/wp-json\/wp\/v2\/product_brand?post=1792"},{"taxonomy":"product_cat","embeddable":true,"href":"https:\/\/ferligs.com\/es\/wp-json\/wp\/v2\/product_cat?post=1792"},{"taxonomy":"product_tag","embeddable":true,"href":"https:\/\/ferligs.com\/es\/wp-json\/wp\/v2\/product_tag?post=1792"}],"curies":[{"name":"wp","href":"https:\/\/api.w.org\/{rel}","templated":true}]}}