{"id":1780,"date":"2024-09-01T21:47:32","date_gmt":"2024-09-01T18:47:32","guid":{"rendered":"https:\/\/ferligs.com\/?post_type=product&#038;p=1780"},"modified":"2026-03-03T09:09:32","modified_gmt":"2026-03-03T07:09:32","slug":"tervete-firewood-rack","status":"publish","type":"product","link":"https:\/\/ferligs.com\/es\/product\/tervete-firewood-rack\/","title":{"rendered":"TERVETE \u2013 Estante para le\u00f1a"},"content":{"rendered":"<p>Calidad artesanal y dise\u00f1o moderno El soporte para le\u00f1a Tervete es una obra maestra artesanal dise\u00f1ada para aquellos que valoran tanto el estilo como la durabilidad. Cada pieza est\u00e1 soldada a mano con tubos cuadrados de acero de primera calidad de 2,5 \u00d7 2,5 cm y acabada con un recubrimiento en polvo de alta calidad, lo que crea una barrera resistente contra el \u00f3xido y el desgaste. Al estar fabricado a mano, ofrece un nivel de integridad estructural y atenci\u00f3n al detalle que las alternativas producidas en serie simplemente no pueden igualar. Su estructura minimalista le permite integrarse perfectamente en cualquier decoraci\u00f3n interior o paisaje exterior.<\/p>\n<p>Almacenamiento compacto y listo para usar A pesar de su elegante apariencia, el Tervete est\u00e1 dise\u00f1ado para un almacenamiento resistente, con unas dimensiones de 100 cm de ancho y 25 cm de profundidad para mantener sus le\u00f1os organizados sin ocupar demasiado espacio en el suelo. Este estante est\u00e1 dise\u00f1ado para ofrecer la m\u00e1xima comodidad: viene completamente montado y listo para usar nada m\u00e1s sacarlo de la caja, sin necesidad de herramientas ni instrucciones complicadas. Ya sea junto a una chimenea interior o una hoguera en el jard\u00edn, su construcci\u00f3n estable y su acabado resistente a la intemperie garantizan que seguir\u00e1 siendo una pieza funcional de su hogar durante muchos a\u00f1os.<\/p>\n<p>Especificaciones: Este soporte para le\u00f1a hecho a mano cuenta con una estructura resistente de tubos de acero soldados a mano de 2,5 \u00d7 2,5 cm con un acabado recubierto de polvo resistente a la corrosi\u00f3n, lo que garantiza una durabilidad de por vida. Con unas dimensiones de 40 cm de altura, 100 cm de ancho y 25 cm de profundidad, ofrece un amplio espacio de almacenamiento en un formato compacto. Orgullosamente hecho a mano y sin necesidad de montaje, el Tervete llega listo para usar nada m\u00e1s sacarlo de la caja.<\/p>","protected":false},"excerpt":{"rendered":"<p>Le\u00f1ador \"Tervete\": minimalismo industrial hecho a mano. Esta elegante estufa de le\u00f1a de bajo perfil convierte el almacenamiento de le\u00f1a en un elemento de dise\u00f1o moderno. Hecho a mano de acero resistente con recubrimiento en polvo, el Tervete ocupa un espacio m\u00ednimo y mantiene una gran capacidad. Un toque de autor perfecto para su interior o Terraza.<\/p>","protected":false},"featured_media":1783,"template":"","meta":{"jetpack_publicize_message":"","jetpack_publicize_feature_enabled":true,"jetpack_social_post_already_shared":false,"jetpack_social_options":{"image_generator_settings":{"template":"highway","default_image_id":0,"font":"","enabled":false},"version":2}},"product_brand":[578],"product_cat":[112],"product_tag":[],"class_list":{"0":"post-1780","1":"product","2":"type-product","3":"status-publish","4":"has-post-thumbnail","6":"product_brand-ferligs","7":"product_cat-firewood","8":"product_shipping_class-racks","10":"first","11":"instock","12":"sale","13":"taxable","14":"shipping-taxable","15":"purchasable","16":"product-type-variable","17":"has-default-attributes"},"featured_image_urls_v2":{"full":["https:\/\/ferligs.com\/wp-content\/uploads\/2024\/09\/IMG_0843-Webp1640x1360.webp",1640,1360,false],"thumbnail":["https:\/\/ferligs.com\/wp-content\/uploads\/2024\/09\/IMG_0843-Webp1640x1360-150x150.webp",150,150,true],"medium":["https:\/\/ferligs.com\/wp-content\/uploads\/2024\/09\/IMG_0843-Webp1640x1360-300x249.webp",300,249,true],"medium_large":["https:\/\/ferligs.com\/wp-content\/uploads\/2024\/09\/IMG_0843-Webp1640x1360-768x637.webp",768,637,true],"large":["https:\/\/ferligs.com\/wp-content\/uploads\/2024\/09\/IMG_0843-Webp1640x1360-1024x849.webp",1024,849,true],"1536x1536":["https:\/\/ferligs.com\/wp-content\/uploads\/2024\/09\/IMG_0843-Webp1640x1360-1536x1274.webp",1536,1274,true],"2048x2048":["https:\/\/ferligs.com\/wp-content\/uploads\/2024\/09\/IMG_0843-Webp1640x1360.webp",1640,1360,false],"trp-custom-language-flag":["https:\/\/ferligs.com\/wp-content\/uploads\/2024\/09\/IMG_0843-Webp1640x1360.webp",14,12,false],"woocommerce_archive_thumbnail":["https:\/\/ferligs.com\/wp-content\/uploads\/2024\/09\/IMG_0843-Webp1640x1360-300x249.webp",300,249,true],"woocommerce_thumbnail":["https:\/\/ferligs.com\/wp-content\/uploads\/2024\/09\/IMG_0843-Webp1640x1360-300x249.webp",300,249,true],"woocommerce_single":["https:\/\/ferligs.com\/wp-content\/uploads\/2024\/09\/IMG_0843-Webp1640x1360-600x498.webp",600,498,true],"woocommerce_gallery_thumbnail":["https:\/\/ferligs.com\/wp-content\/uploads\/2024\/09\/IMG_0843-Webp1640x1360-100x100.webp",100,100,true]},"post_excerpt_stackable_v2":"<p>The Tervete Firewood Rack: Handcrafted Industrial Minimalism. This sleek, low-profile rack turns your firewood into a design feature. Hand-built from heavy-duty, powder-coated steel, the Tervete offers a compact footprint without sacrificing capacity. It is the perfect artisanal touch for a modern hearth, whether located in your living room or on the patio.<\/p>\n","category_list_v2":"","author_info_v2":{"name":"","url":""},"comments_num_v2":"0 comentarios","jetpack_publicize_connections":[],"jetpack_sharing_enabled":true,"_links":{"self":[{"href":"https:\/\/ferligs.com\/es\/wp-json\/wp\/v2\/product\/1780","targetHints":{"allow":["GET"]}}],"collection":[{"href":"https:\/\/ferligs.com\/es\/wp-json\/wp\/v2\/product"}],"about":[{"href":"https:\/\/ferligs.com\/es\/wp-json\/wp\/v2\/types\/product"}],"wp:featuredmedia":[{"embeddable":true,"href":"https:\/\/ferligs.com\/es\/wp-json\/wp\/v2\/media\/1783"}],"wp:attachment":[{"href":"https:\/\/ferligs.com\/es\/wp-json\/wp\/v2\/media?parent=1780"}],"wp:term":[{"taxonomy":"product_brand","embeddable":true,"href":"https:\/\/ferligs.com\/es\/wp-json\/wp\/v2\/product_brand?post=1780"},{"taxonomy":"product_cat","embeddable":true,"href":"https:\/\/ferligs.com\/es\/wp-json\/wp\/v2\/product_cat?post=1780"},{"taxonomy":"product_tag","embeddable":true,"href":"https:\/\/ferligs.com\/es\/wp-json\/wp\/v2\/product_tag?post=1780"}],"curies":[{"name":"wp","href":"https:\/\/api.w.org\/{rel}","templated":true}]}}