{"id":1575,"date":"2023-07-24T18:42:35","date_gmt":"2023-07-24T15:42:35","guid":{"rendered":"https:\/\/ferligs.com\/?post_type=product&#038;p=1575"},"modified":"2026-03-05T18:44:30","modified_gmt":"2026-03-05T16:44:30","slug":"ludza","status":"publish","type":"product","link":"https:\/\/ferligs.com\/es\/product\/ludza\/","title":{"rendered":"LUDZA \u2013 Patas para mesa de comedor"},"content":{"rendered":"<p>La base met\u00e1lica para mesa Ludza destaca por su exclusivo dise\u00f1o inspirado en una estrella, en el que los tubos de acero entrecruzados crean una silueta visualmente llamativa y elegante, perfecta para tableros redondos. Esta refinada estructura no solo realza el atractivo est\u00e9tico de sus muebles, sino que tambi\u00e9n favorece la funcionalidad al ofrecer un amplio espacio para las piernas de los usuarios. Ideal tanto para entornos residenciales como comerciales, transforma las mesas ordinarias en piezas llamativas que combinan a la perfecci\u00f3n forma y utilidad.<\/p>\n<p>Fabriqu\u00e9e \u00e0 partir de tubes en acier de haute qualit\u00e9 mesurant 5 x 2 cm, la base Ludza garantit une r\u00e9sistance et une long\u00e9vit\u00e9 exceptionnelles, capable de supporter des charges allant jusqu'\u00e0 150 kg sans compromis. La finition thermolaqu\u00e9e par d\u00e9faut r\u00e9siste aux rayures, \u00e0 la corrosion et \u00e0 la d\u00e9coloration, conservant son aspect impeccable apr\u00e8s des ann\u00e9es d'utilisation. Pour ceux qui pr\u00e9f\u00e8rent un look plus industriel, une option en acier brut est disponible, vous permettant d'assortir facilement la base \u00e0 votre d\u00e9coration.<\/p>\n<p>El montaje es sencillo y f\u00e1cil de usar, ya que la base se env\u00eda sin montar para evitar da\u00f1os durante el transporte, y se incluye todo el hardware necesario y unas instrucciones claras paso a paso. Los orificios de montaje pretaladrados de 5 mm permiten fijar la mesa elegida de forma r\u00e1pida y segura, aunque se pueden especificar tama\u00f1os de orificios personalizados al realizar el pedido. Este proceso sin complicaciones le permite disfrutar de su mesa personalizada en poco tiempo, sin necesidad de herramientas profesionales ni conocimientos especializados.<\/p>\n<p>El modelo Ludza se puede adaptar completamente a sus necesidades. Est\u00e1 disponible en diferentes alturas (est\u00e1ndar \u2014 71 cm), anchos (70\/80 cm), longitudes (70\/80 cm), en diferentes colores, incluidos gris oscuro, gris claro, blanco y otros, as\u00ed como en diferentes acabados. Los materiales adicionales, como las bridas de acero, hacen que la construcci\u00f3n sea a\u00fan m\u00e1s duradera, y la falta de una encimera incluida le permite elegir la que se adapte a su estilo. Este vers\u00e1til soporte es adecuado tanto para cenas acogedoras como para grandes eventos. Se adapta a diferentes tama\u00f1os y preferencias, proporcionando fiabilidad y elegancia en cada detalle.<\/p>","protected":false},"excerpt":{"rendered":"<p>La mesa de metal Ludza es una base refinada para mesas redondas, hecha de acero de alta calidad en forma de estrella con l\u00edneas elegantemente cruzadas que aportan un toque de arte contempor\u00e1neo a cualquier decoraci\u00f3n. La construcci\u00f3n abierta proporciona suficiente espacio para las piernas durante las reuniones, y la construcci\u00f3n robusta puede soportar un peso de hasta 150 kg, lo que garantiza estabilidad y durabilidad. <\/p>","protected":false},"featured_media":1576,"template":"","meta":{"jetpack_publicize_message":"","jetpack_publicize_feature_enabled":true,"jetpack_social_post_already_shared":true,"jetpack_social_options":{"image_generator_settings":{"template":"highway","default_image_id":0,"font":"","enabled":false},"version":2}},"product_brand":[578],"product_cat":[113],"product_tag":[704],"class_list":{"0":"post-1575","1":"product","2":"type-product","3":"status-publish","4":"has-post-thumbnail","6":"product_brand-ferligs","7":"product_cat-table-legs","8":"product_tag-table-bases","9":"product_shipping_class-tables-legs","11":"first","12":"instock","13":"sale","14":"taxable","15":"shipping-taxable","16":"purchasable","17":"product-type-variable","18":"has-default-attributes"},"featured_image_urls_v2":{"full":["https:\/\/ferligs.com\/wp-content\/uploads\/2023\/07\/9259-Webp1640x1360.webp",1640,1360,false],"thumbnail":["https:\/\/ferligs.com\/wp-content\/uploads\/2023\/07\/9259-Webp1640x1360.webp",150,124,false],"medium":["https:\/\/ferligs.com\/wp-content\/uploads\/2023\/07\/9259-Webp1640x1360.webp",300,249,false],"medium_large":["https:\/\/ferligs.com\/wp-content\/uploads\/2023\/07\/9259-Webp1640x1360.webp",768,637,false],"large":["https:\/\/ferligs.com\/wp-content\/uploads\/2023\/07\/9259-Webp1640x1360.webp",1024,849,false],"1536x1536":["https:\/\/ferligs.com\/wp-content\/uploads\/2023\/07\/9259-Webp1640x1360.webp",1536,1274,false],"2048x2048":["https:\/\/ferligs.com\/wp-content\/uploads\/2023\/07\/9259-Webp1640x1360.webp",1640,1360,false],"trp-custom-language-flag":["https:\/\/ferligs.com\/wp-content\/uploads\/2023\/07\/9259-Webp1640x1360.webp",14,12,false],"woocommerce_archive_thumbnail":["https:\/\/ferligs.com\/wp-content\/uploads\/2023\/07\/9259-Webp1640x1360-300x249.webp",300,249,true],"woocommerce_thumbnail":["https:\/\/ferligs.com\/wp-content\/uploads\/2023\/07\/9259-Webp1640x1360.webp",300,249,false],"woocommerce_single":["https:\/\/ferligs.com\/wp-content\/uploads\/2023\/07\/9259-Webp1640x1360.webp",600,498,false],"woocommerce_gallery_thumbnail":["https:\/\/ferligs.com\/wp-content\/uploads\/2023\/07\/9259-Webp1640x1360-100x100.webp",100,100,true]},"post_excerpt_stackable_v2":"<p>The Ludza metal table base is a sophisticated foundation for round tables, crafted from premium steel with a star-like form featuring elegantly crossing lines that add a touch of modern artistry to any space. Its open structure provides ample legroom for comfortable seating during gatherings, while the robust construction supports up to 150 kg, ensuring stability and durability. <\/p>\n","category_list_v2":"","author_info_v2":{"name":"","url":""},"comments_num_v2":"0 comentarios","jetpack_publicize_connections":[],"jetpack_sharing_enabled":true,"_links":{"self":[{"href":"https:\/\/ferligs.com\/es\/wp-json\/wp\/v2\/product\/1575","targetHints":{"allow":["GET"]}}],"collection":[{"href":"https:\/\/ferligs.com\/es\/wp-json\/wp\/v2\/product"}],"about":[{"href":"https:\/\/ferligs.com\/es\/wp-json\/wp\/v2\/types\/product"}],"wp:featuredmedia":[{"embeddable":true,"href":"https:\/\/ferligs.com\/es\/wp-json\/wp\/v2\/media\/1576"}],"wp:attachment":[{"href":"https:\/\/ferligs.com\/es\/wp-json\/wp\/v2\/media?parent=1575"}],"wp:term":[{"taxonomy":"product_brand","embeddable":true,"href":"https:\/\/ferligs.com\/es\/wp-json\/wp\/v2\/product_brand?post=1575"},{"taxonomy":"product_cat","embeddable":true,"href":"https:\/\/ferligs.com\/es\/wp-json\/wp\/v2\/product_cat?post=1575"},{"taxonomy":"product_tag","embeddable":true,"href":"https:\/\/ferligs.com\/es\/wp-json\/wp\/v2\/product_tag?post=1575"}],"curies":[{"name":"wp","href":"https:\/\/api.w.org\/{rel}","templated":true}]}}