{"id":1561,"date":"2023-07-24T18:27:46","date_gmt":"2023-07-24T15:27:46","guid":{"rendered":"https:\/\/ferligs.com\/?post_type=product&#038;p=1561"},"modified":"2026-03-05T16:11:33","modified_gmt":"2026-03-05T14:11:33","slug":"brasla","status":"publish","type":"product","link":"https:\/\/ferligs.com\/es\/product\/brasla\/","title":{"rendered":"BRASLA - Elegantes patas de mesa tipo ara\u00f1a - FERLIGS"},"content":{"rendered":"<p>Descubra Brasla, una robusta base de mesa met\u00e1lica en forma de ara\u00f1a que imita la elegante forma de un ar\u00e1cnido con sus patas de acero entrecruzadas. Fabricada con tubos de acero resistentes de 60 \u00d7 30 mm, mide aproximadamente 71 cm de altura y est\u00e1 disponible en anchuras y longitudes de 60 a 100 cm para adaptarse a diferentes tableros. El acabado con recubrimiento en polvo garantiza una protecci\u00f3n duradera contra ara\u00f1azos y corrosi\u00f3n, lo que la hace perfecta para hogares o espacios comerciales.<\/p>\n<p>Su dise\u00f1o abierto, inspirado en las ara\u00f1as, maximiza la comodidad de los asientos alrededor de mesas redondas, permitiendo que las sillas se acoplen sin esfuerzo y sin obstrucciones. Las l\u00edneas sofisticadas a\u00f1aden un toque moderno que complementa los interiores contempor\u00e1neos, al tiempo que mantienen un atractivo atemporal. El montaje es sencillo: se incluyen las piezas y unas instrucciones claras para una r\u00e1pida instalaci\u00f3n.<\/p>\n<p>Hay disponibles tama\u00f1os personalizados y opciones de montaje, incluyendo orificios de 5 mm o especificaciones a medida, bajo pedido, para adaptarse a sus necesidades exactas. Esta versatilidad hace que Brasla sea ideal para restaurantes, cafeter\u00edas o comedores dom\u00e9sticos que buscan estilo y funcionalidad. Elija entre m\u00faltiples dimensiones para combinar a la perfecci\u00f3n con su mesa preferida.<\/p>","protected":false},"excerpt":{"rendered":"<p>Mejora tu comedor con la base de mesa met\u00e1lica Brasla, fabricada con tubos de acero de alta calidad de 60 \u00d7 30 mm y con un llamativo dise\u00f1o en forma de ara\u00f1a. Sus l\u00edneas entrecruzadas aportan sofisticaci\u00f3n moderna y la m\u00e1xima comodidad al sentarse, con un acabado con recubrimiento en polvo para resistir los ara\u00f1azos y la corrosi\u00f3n. La altura es de ~71 cm, disponible en anchos\/longitudes de 60 a 100 cm, con orificios de montaje de 5 mm (opciones personalizadas disponibles). Se entrega sin montar con instrucciones sencillas; el tablero no est\u00e1 incluido.<\/p>","protected":false},"featured_media":1562,"template":"","meta":{"jetpack_publicize_message":"","jetpack_publicize_feature_enabled":true,"jetpack_social_post_already_shared":true,"jetpack_social_options":{"image_generator_settings":{"template":"highway","default_image_id":0,"font":"","enabled":false},"version":2}},"product_brand":[578],"product_cat":[113],"product_tag":[705],"class_list":{"0":"post-1561","1":"product","2":"type-product","3":"status-publish","4":"has-post-thumbnail","6":"product_brand-ferligs","7":"product_cat-table-legs","8":"product_tag-spider-legs","9":"product_shipping_class-tables-legs","11":"first","12":"instock","13":"sale","14":"taxable","15":"shipping-taxable","16":"purchasable","17":"product-type-variable","18":"has-default-attributes"},"featured_image_urls_v2":{"full":["https:\/\/ferligs.com\/wp-content\/uploads\/2023\/07\/9735-Webp-1640x1360-1.webp",1640,1360,false],"thumbnail":["https:\/\/ferligs.com\/wp-content\/uploads\/2023\/07\/9735-Webp-1640x1360-1.webp",150,124,false],"medium":["https:\/\/ferligs.com\/wp-content\/uploads\/2023\/07\/9735-Webp-1640x1360-1.webp",300,249,false],"medium_large":["https:\/\/ferligs.com\/wp-content\/uploads\/2023\/07\/9735-Webp-1640x1360-1.webp",768,637,false],"large":["https:\/\/ferligs.com\/wp-content\/uploads\/2023\/07\/9735-Webp-1640x1360-1.webp",1024,849,false],"1536x1536":["https:\/\/ferligs.com\/wp-content\/uploads\/2023\/07\/9735-Webp-1640x1360-1.webp",1536,1274,false],"2048x2048":["https:\/\/ferligs.com\/wp-content\/uploads\/2023\/07\/9735-Webp-1640x1360-1.webp",1640,1360,false],"trp-custom-language-flag":["https:\/\/ferligs.com\/wp-content\/uploads\/2023\/07\/9735-Webp-1640x1360-1.webp",14,12,false],"woocommerce_archive_thumbnail":["https:\/\/ferligs.com\/wp-content\/uploads\/2023\/07\/9735-Webp-1640x1360-1-300x249.webp",300,249,true],"woocommerce_thumbnail":["https:\/\/ferligs.com\/wp-content\/uploads\/2023\/07\/9735-Webp-1640x1360-1.webp",300,249,false],"woocommerce_single":["https:\/\/ferligs.com\/wp-content\/uploads\/2023\/07\/9735-Webp-1640x1360-1.webp",600,498,false],"woocommerce_gallery_thumbnail":["https:\/\/ferligs.com\/wp-content\/uploads\/2023\/07\/9735-Webp-1640x1360-1-100x100.webp",100,100,true]},"post_excerpt_stackable_v2":"<p>Elevate your dining space with the Brasla metal spider table base, crafted from high-quality 60\u00d730 mm steel tubes in a striking spider-like design. Its intersecting lines offer modern sophistication and maximum seating comfort, with powder-coated finish for scratch and corrosion resistance. Height is ~71 cm, available in widths\/lengths from 60-100 cm, with 5 mm mounting holes (custom options available). Delivered unassembled with easy instructions\u2014tabletop not included.<\/p>\n","category_list_v2":"","author_info_v2":{"name":"","url":""},"comments_num_v2":"0 comentarios","jetpack_publicize_connections":[],"jetpack_sharing_enabled":true,"_links":{"self":[{"href":"https:\/\/ferligs.com\/es\/wp-json\/wp\/v2\/product\/1561","targetHints":{"allow":["GET"]}}],"collection":[{"href":"https:\/\/ferligs.com\/es\/wp-json\/wp\/v2\/product"}],"about":[{"href":"https:\/\/ferligs.com\/es\/wp-json\/wp\/v2\/types\/product"}],"wp:featuredmedia":[{"embeddable":true,"href":"https:\/\/ferligs.com\/es\/wp-json\/wp\/v2\/media\/1562"}],"wp:attachment":[{"href":"https:\/\/ferligs.com\/es\/wp-json\/wp\/v2\/media?parent=1561"}],"wp:term":[{"taxonomy":"product_brand","embeddable":true,"href":"https:\/\/ferligs.com\/es\/wp-json\/wp\/v2\/product_brand?post=1561"},{"taxonomy":"product_cat","embeddable":true,"href":"https:\/\/ferligs.com\/es\/wp-json\/wp\/v2\/product_cat?post=1561"},{"taxonomy":"product_tag","embeddable":true,"href":"https:\/\/ferligs.com\/es\/wp-json\/wp\/v2\/product_tag?post=1561"}],"curies":[{"name":"wp","href":"https:\/\/api.w.org\/{rel}","templated":true}]}}