{"id":1554,"date":"2023-07-24T18:17:20","date_gmt":"2023-07-24T15:17:20","guid":{"rendered":"https:\/\/ferligs.com\/?post_type=product&#038;p=1554"},"modified":"2026-03-05T18:45:23","modified_gmt":"2026-03-05T16:45:23","slug":"amula","status":"publish","type":"product","link":"https:\/\/ferligs.com\/es\/product\/amula\/","title":{"rendered":"AMULA \u2014 Patas aracnoide para mesa"},"content":{"rendered":"<p>The Amula table base features a captivating spider-like silhouette that serves as a bold statement piece for modern interiors. Its unique intersecting lines provide a distinctive touch of sophistication, seamlessly blending industrial strength with elegant geometry. This eye-catching design is specifically engineered to optimize seating capacity around the table. It ensures that your guests enjoy ample legroom without any structural interference.<\/p>\n<p>Fabricada con tubos de acero de alta calidad de 80 \u00d7 80 mm, la base Amula est\u00e1 dise\u00f1ada para soportar tableros pesados con absoluta estabilidad. El acabado profesional con recubrimiento en polvo proporciona una capa resistente de protecci\u00f3n contra el desgaste diario, los ara\u00f1azos y la corrosi\u00f3n. Este revestimiento duradero no solo garantiza un rendimiento duradero, sino que tambi\u00e9n le da al metal un acabado elegante y refinado. Es una opci\u00f3n fiable tanto para entornos residenciales como comerciales de alto tr\u00e1fico.<\/p>\n<p>Para su comodidad, la base se env\u00eda sin montar para garantizar un transporte seguro y una entrega eficiente. Proporcionamos instrucciones de montaje claras y todo el hardware necesario para que el proceso de instalaci\u00f3n sea r\u00e1pido y sencillo. Cada unidad viene con orificios de montaje est\u00e1ndar de 5 mm preperforados para facilitar la instalaci\u00f3n. Tambi\u00e9n estamos encantados de adaptarnos a tama\u00f1os personalizados o requisitos espec\u00edficos de orificios bajo petici\u00f3n para ajustarnos a su proyecto \u00fanico.<\/p>\n<p>Con una altura est\u00e1ndar de 71 cm, la base Amula est\u00e1 disponible en varios anchos y largos que van desde los 70 hasta los 90 cm. Esta versatilidad le permite combinar la base con una amplia variedad de tableros redondos o cuadrados que se adapten a su espacio. Tenga en cuenta que el precio indicado se aplica \u00fanicamente a la base met\u00e1lica, ya que el tablero no est\u00e1 incluido. Esto le permite elegir libremente una superficie que combine a la perfecci\u00f3n con el estilo de su interior.<\/p>","protected":false},"excerpt":{"rendered":"<p>La base de mesa met\u00e1lica Amula combina un sofisticado dise\u00f1o geom\u00e9trico con una ingenier\u00eda robusta para realzar cualquier comedor o espacio de trabajo. Fabricada con tubos de acero de primera calidad de 80 \u00d7 80 mm, sus l\u00edneas entrecruzadas crean un efecto visual llamativo y maximizan el espacio para las piernas de sus invitados. Acabada con un recubrimiento en polvo duradero, esta base ofrece un aspecto refinado que resiste el paso del tiempo, lo que la convierte en la base perfecta para su tablero de mesa personalizado.<\/p>","protected":false},"featured_media":1555,"template":"","meta":{"jetpack_publicize_message":"","jetpack_publicize_feature_enabled":true,"jetpack_social_post_already_shared":true,"jetpack_social_options":{"image_generator_settings":{"template":"highway","default_image_id":0,"font":"","enabled":false},"version":2}},"product_brand":[578],"product_cat":[113],"product_tag":[705],"class_list":{"0":"post-1554","1":"product","2":"type-product","3":"status-publish","4":"has-post-thumbnail","6":"product_brand-ferligs","7":"product_cat-table-legs","8":"product_tag-spider-legs","9":"product_shipping_class-tables-legs","11":"first","12":"instock","13":"sale","14":"taxable","15":"shipping-taxable","16":"purchasable","17":"product-type-variable","18":"has-default-attributes"},"featured_image_urls_v2":{"full":["https:\/\/ferligs.com\/wp-content\/uploads\/2023\/07\/9792-Webp-1640x1360-1.webp",1640,1360,false],"thumbnail":["https:\/\/ferligs.com\/wp-content\/uploads\/2023\/07\/9792-Webp-1640x1360-1.webp",150,124,false],"medium":["https:\/\/ferligs.com\/wp-content\/uploads\/2023\/07\/9792-Webp-1640x1360-1.webp",300,249,false],"medium_large":["https:\/\/ferligs.com\/wp-content\/uploads\/2023\/07\/9792-Webp-1640x1360-1.webp",768,637,false],"large":["https:\/\/ferligs.com\/wp-content\/uploads\/2023\/07\/9792-Webp-1640x1360-1.webp",1024,849,false],"1536x1536":["https:\/\/ferligs.com\/wp-content\/uploads\/2023\/07\/9792-Webp-1640x1360-1.webp",1536,1274,false],"2048x2048":["https:\/\/ferligs.com\/wp-content\/uploads\/2023\/07\/9792-Webp-1640x1360-1.webp",1640,1360,false],"trp-custom-language-flag":["https:\/\/ferligs.com\/wp-content\/uploads\/2023\/07\/9792-Webp-1640x1360-1.webp",14,12,false],"woocommerce_archive_thumbnail":["https:\/\/ferligs.com\/wp-content\/uploads\/2023\/07\/9792-Webp-1640x1360-1-300x249.webp",300,249,true],"woocommerce_thumbnail":["https:\/\/ferligs.com\/wp-content\/uploads\/2023\/07\/9792-Webp-1640x1360-1.webp",300,249,false],"woocommerce_single":["https:\/\/ferligs.com\/wp-content\/uploads\/2023\/07\/9792-Webp-1640x1360-1.webp",600,498,false],"woocommerce_gallery_thumbnail":["https:\/\/ferligs.com\/wp-content\/uploads\/2023\/07\/9792-Webp-1640x1360-1-100x100.webp",100,100,true]},"post_excerpt_stackable_v2":"<p>The Amula metal spider table base combines sophisticated geometric design with robust engineering to elevate any dining or workspace. Crafted from premium 80&#215;80 mm steel tubes, its intersecting lines create a striking visual while maximizing legroom for your guests. Finished with a durable powder coating, this base offers a refined look that stands the test of time, making it the perfect foundation for your custom tabletop.<\/p>\n","category_list_v2":"","author_info_v2":{"name":"","url":""},"comments_num_v2":"0 comentarios","jetpack_publicize_connections":[],"jetpack_sharing_enabled":true,"_links":{"self":[{"href":"https:\/\/ferligs.com\/es\/wp-json\/wp\/v2\/product\/1554","targetHints":{"allow":["GET"]}}],"collection":[{"href":"https:\/\/ferligs.com\/es\/wp-json\/wp\/v2\/product"}],"about":[{"href":"https:\/\/ferligs.com\/es\/wp-json\/wp\/v2\/types\/product"}],"wp:featuredmedia":[{"embeddable":true,"href":"https:\/\/ferligs.com\/es\/wp-json\/wp\/v2\/media\/1555"}],"wp:attachment":[{"href":"https:\/\/ferligs.com\/es\/wp-json\/wp\/v2\/media?parent=1554"}],"wp:term":[{"taxonomy":"product_brand","embeddable":true,"href":"https:\/\/ferligs.com\/es\/wp-json\/wp\/v2\/product_brand?post=1554"},{"taxonomy":"product_cat","embeddable":true,"href":"https:\/\/ferligs.com\/es\/wp-json\/wp\/v2\/product_cat?post=1554"},{"taxonomy":"product_tag","embeddable":true,"href":"https:\/\/ferligs.com\/es\/wp-json\/wp\/v2\/product_tag?post=1554"}],"curies":[{"name":"wp","href":"https:\/\/api.w.org\/{rel}","templated":true}]}}