{"id":1527,"date":"2023-05-24T13:26:43","date_gmt":"2023-05-24T10:26:43","guid":{"rendered":"https:\/\/ferligs.com\/?post_type=product&#038;p=1527"},"modified":"2026-03-05T18:45:45","modified_gmt":"2026-03-05T16:45:45","slug":"durbe","status":"publish","type":"product","link":"https:\/\/ferligs.com\/es\/product\/durbe\/","title":{"rendered":"DURBE \u2013 patas de ara\u00f1a para mesa"},"content":{"rendered":"<p>La base de la mesa Durbe presenta un llamativo dise\u00f1o de l\u00edneas cruzadas, en el que los elementos met\u00e1licos se entrecruzan para formar una silueta geom\u00e9trica moderna que realza cualquier comedor o espacio de trabajo. Este innovador dise\u00f1o no solo llama la atenci\u00f3n, sino que tambi\u00e9n distribuye el peso de manera uniforme para una estabilidad \u00f3ptima. Adecuada tanto para entornos contempor\u00e1neos como tradicionales, realza la presencia general de la mesa con su forma art\u00edstica y funcional.<\/p>\n<p>Fabricada con tubos de acero de 6 x 3 cm y reforzada con bridas de acero, la Durbe cuenta con una estructura soldada y ensamblada que garantiza su robustez y una capacidad de carga de 150 kg. El acabado resiste el desgaste diario, con un recubrimiento en polvo que proporciona una capa protectora lisa o acero sin tratar que ofrece una textura aut\u00e9ntica y natural. Esta estructura duradera garantiza que la base resista un uso frecuente y mantenga su integridad estructural.<\/p>\n<p>El montaje se realiza de forma eficaz gracias al kit incluido, la gu\u00eda, las patas ajustables para adaptarse a la superficie, las almohadillas de fieltro para proteger los suelos, la barra transversal met\u00e1lica y las patas de la mesa, todo ello dise\u00f1ado para un proceso sin complicaciones. Los orificios de montaje pretaladrados de 5 mm permiten una fijaci\u00f3n sencilla a la superficie de la mesa, con alternativas disponibles bajo pedido. No se requieren conocimientos especializados, lo que permite una r\u00e1pida integraci\u00f3n en su proyecto de mobiliario.<\/p>\n<p>Adaptada a las necesidades individuales, la Durbe permite personalizar las opciones de color, como gris oscuro, gris claro o blanco, junto con el tipo de acabado, la altura, la longitud, la anchura y los orificios de montaje. Esta versatilidad permite diversas aplicaciones, desde configuraciones dom\u00e9sticas compactas hasta mesas comerciales de gran tama\u00f1o. Excluyendo el tablero, permite a los usuarios crear una pieza personalizada que se adapta perfectamente a su visi\u00f3n y necesidades.<\/p>","protected":false},"excerpt":{"rendered":"<p>La base met\u00e1lica para mesa Durbe presenta un dise\u00f1o din\u00e1mico de l\u00edneas entrecruzadas, fabricada en acero de alta calidad para proporcionar una base resistente y visualmente atractiva para tableros rectangulares u ovalados. Su estructura entrecruzada ofrece un excelente equilibrio y soporte para cargas de hasta 150 kg, con unas dimensiones que incluyen una altura de 71 cm, anchuras de 60 a 80 cm y longitudes de 120 a 180 cm, lo que la hace adaptable a mesas de distintos tama\u00f1os. <\/p>","protected":false},"featured_media":1528,"template":"","meta":{"jetpack_publicize_message":"","jetpack_publicize_feature_enabled":true,"jetpack_social_post_already_shared":true,"jetpack_social_options":{"image_generator_settings":{"template":"highway","default_image_id":0,"font":"","enabled":false},"version":2}},"product_brand":[578],"product_cat":[113],"product_tag":[705],"class_list":{"0":"post-1527","1":"product","2":"type-product","3":"status-publish","4":"has-post-thumbnail","6":"product_brand-ferligs","7":"product_cat-table-legs","8":"product_tag-spider-legs","9":"product_shipping_class-tables-legs","11":"first","12":"instock","13":"sale","14":"taxable","15":"shipping-taxable","16":"purchasable","17":"product-type-variable","18":"has-default-attributes"},"featured_image_urls_v2":{"full":["https:\/\/ferligs.com\/wp-content\/uploads\/2023\/05\/8241-Webp820x680.webp",820,680,false],"thumbnail":["https:\/\/ferligs.com\/wp-content\/uploads\/2023\/05\/8241-Webp820x680.webp",150,124,false],"medium":["https:\/\/ferligs.com\/wp-content\/uploads\/2023\/05\/8241-Webp820x680.webp",300,249,false],"medium_large":["https:\/\/ferligs.com\/wp-content\/uploads\/2023\/05\/8241-Webp820x680.webp",768,637,false],"large":["https:\/\/ferligs.com\/wp-content\/uploads\/2023\/05\/8241-Webp820x680.webp",820,680,false],"1536x1536":["https:\/\/ferligs.com\/wp-content\/uploads\/2023\/05\/8241-Webp820x680.webp",820,680,false],"2048x2048":["https:\/\/ferligs.com\/wp-content\/uploads\/2023\/05\/8241-Webp820x680.webp",820,680,false],"trp-custom-language-flag":["https:\/\/ferligs.com\/wp-content\/uploads\/2023\/05\/8241-Webp820x680.webp",14,12,false],"woocommerce_archive_thumbnail":["https:\/\/ferligs.com\/wp-content\/uploads\/2023\/05\/8241-Webp820x680-300x249.webp",300,249,true],"woocommerce_thumbnail":["https:\/\/ferligs.com\/wp-content\/uploads\/2023\/05\/8241-Webp820x680.webp",300,249,false],"woocommerce_single":["https:\/\/ferligs.com\/wp-content\/uploads\/2023\/05\/8241-Webp820x680.webp",600,498,false],"woocommerce_gallery_thumbnail":["https:\/\/ferligs.com\/wp-content\/uploads\/2023\/05\/8241-Webp820x680-100x100.webp",100,100,true]},"post_excerpt_stackable_v2":"<p>The Durbe metal table base features a dynamic crossing lines design, crafted from high-grade steel to provide a sturdy and visually appealing foundation for rectangular or oval tabletops. Its intersecting structure offers excellent balance and support for loads up to 150 kg, with dimensions including height of 71 cm, widths from 60 to 80 cm, and lengths from 120 to 180 cm, making it adaptable for various table sizes. <\/p>\n","category_list_v2":"","author_info_v2":{"name":"","url":""},"comments_num_v2":"0 comentarios","jetpack_publicize_connections":[],"jetpack_sharing_enabled":true,"_links":{"self":[{"href":"https:\/\/ferligs.com\/es\/wp-json\/wp\/v2\/product\/1527","targetHints":{"allow":["GET"]}}],"collection":[{"href":"https:\/\/ferligs.com\/es\/wp-json\/wp\/v2\/product"}],"about":[{"href":"https:\/\/ferligs.com\/es\/wp-json\/wp\/v2\/types\/product"}],"wp:featuredmedia":[{"embeddable":true,"href":"https:\/\/ferligs.com\/es\/wp-json\/wp\/v2\/media\/1528"}],"wp:attachment":[{"href":"https:\/\/ferligs.com\/es\/wp-json\/wp\/v2\/media?parent=1527"}],"wp:term":[{"taxonomy":"product_brand","embeddable":true,"href":"https:\/\/ferligs.com\/es\/wp-json\/wp\/v2\/product_brand?post=1527"},{"taxonomy":"product_cat","embeddable":true,"href":"https:\/\/ferligs.com\/es\/wp-json\/wp\/v2\/product_cat?post=1527"},{"taxonomy":"product_tag","embeddable":true,"href":"https:\/\/ferligs.com\/es\/wp-json\/wp\/v2\/product_tag?post=1527"}],"curies":[{"name":"wp","href":"https:\/\/api.w.org\/{rel}","templated":true}]}}