{"id":1521,"date":"2023-05-24T13:24:10","date_gmt":"2023-05-24T10:24:10","guid":{"rendered":"https:\/\/ferligs.com\/?post_type=product&#038;p=1521"},"modified":"2026-03-05T18:46:07","modified_gmt":"2026-03-05T16:46:07","slug":"lobe-table-legs","status":"publish","type":"product","link":"https:\/\/ferligs.com\/es\/product\/lobe-table-legs\/","title":{"rendered":"LOBE \u2013 Par de patas de mesa (en forma de X)"},"content":{"rendered":"<p>Las patas de mesa Lobe x frame combinan un dise\u00f1o industrial moderno con resistencia estructural, con una estructura en forma de X totalmente soldada que garantiza la m\u00e1xima estabilidad para mesas de comedor, escritorios, mesas de conferencias y proyectos de mobiliario a medida; fabricadas con tubos de acero duraderos de 8 \u00d7 4 cm y reforzadas con bridas de acero macizo, ofrecen una capacidad de carga de hasta 150 kg y son adecuadas para tableros de gran tama\u00f1o de hasta 280 \u00d7 120 cm.<\/p>\n<p>Estas patas de mesa con estructura en X est\u00e1n disponibles con acabado en acero sin tratar o con recubrimiento en polvo y en una amplia gama de colores, incluyendo negro, bronce, gris oscuro, dorado, gris claro y blanco. La opci\u00f3n con recubrimiento en polvo ofrece una resistencia adicional a los ara\u00f1azos y la corrosi\u00f3n, lo que hace que estas patas sean adecuadas tanto para interiores residenciales como comerciales, donde la durabilidad y la est\u00e9tica arquitect\u00f3nica limpia son esenciales.<\/p>\n<p>Cada par incluye patas ajustables para nivelar suelos irregulares, almohadillas de fieltro para proteger la superficie y orificios de montaje de 5 mm colocados con precisi\u00f3n para una instalaci\u00f3n segura y sencilla. Se ofrece una personalizaci\u00f3n completa, lo que le permite elegir el color, el tipo de acabado, la altura, la anchura y la configuraci\u00f3n de los orificios de montaje para que se adapten perfectamente a las dimensiones de su mesa y a los requisitos de su proyecto, lo que convierte a las patas de mesa Lobe x frame en la soluci\u00f3n ideal para muebles a medida y proyectos de interiorismo profesionales.<\/p>","protected":false},"excerpt":{"rendered":"<p>Las patas para mesa Lobe X Frame son patas de acero soldado de alta resistencia fabricadas con tubos de acero de 8 \u00d7 4 cm con bridas de acero macizo, dise\u00f1adas para soportar hasta 150 kg y adaptarse a tableros de hasta 280 \u00d7 120 cm; disponibles en acabado de acero con recubrimiento en polvo o sin tratar en negro, bronce, gris oscuro, dorado, gris claro y blanco, incluyen orificios de montaje de 5 mm, patas ajustables, almohadillas de fieltro y se venden por pares con opciones personalizadas de color, acabado, altura, anchura y configuraci\u00f3n de los orificios de montaje.<\/p>","protected":false},"featured_media":1524,"template":"","meta":{"jetpack_publicize_message":"","jetpack_publicize_feature_enabled":true,"jetpack_social_post_already_shared":true,"jetpack_social_options":{"image_generator_settings":{"template":"highway","default_image_id":0,"font":"","enabled":false},"version":2}},"product_brand":[578],"product_cat":[113],"product_tag":[698],"class_list":{"0":"post-1521","1":"product","2":"type-product","3":"status-publish","4":"has-post-thumbnail","6":"product_brand-ferligs","7":"product_cat-table-legs","8":"product_tag-x-shaped-table-legs","9":"product_shipping_class-tables-legs","11":"first","12":"instock","13":"sale","14":"taxable","15":"shipping-taxable","16":"purchasable","17":"product-type-variable","18":"has-default-attributes"},"featured_image_urls_v2":{"full":["https:\/\/ferligs.com\/wp-content\/uploads\/2023\/05\/8339-Webp820x680.webp",820,680,false],"thumbnail":["https:\/\/ferligs.com\/wp-content\/uploads\/2023\/05\/8339-Webp820x680-150x150.webp",150,150,true],"medium":["https:\/\/ferligs.com\/wp-content\/uploads\/2023\/05\/8339-Webp820x680-300x249.webp",300,249,true],"medium_large":["https:\/\/ferligs.com\/wp-content\/uploads\/2023\/05\/8339-Webp820x680-768x637.webp",768,637,true],"large":["https:\/\/ferligs.com\/wp-content\/uploads\/2023\/05\/8339-Webp820x680.webp",820,680,false],"1536x1536":["https:\/\/ferligs.com\/wp-content\/uploads\/2023\/05\/8339-Webp820x680.webp",820,680,false],"2048x2048":["https:\/\/ferligs.com\/wp-content\/uploads\/2023\/05\/8339-Webp820x680.webp",820,680,false],"trp-custom-language-flag":["https:\/\/ferligs.com\/wp-content\/uploads\/2023\/05\/8339-Webp820x680.webp",14,12,false],"woocommerce_archive_thumbnail":["https:\/\/ferligs.com\/wp-content\/uploads\/2023\/05\/8339-Webp820x680-300x249.webp",300,249,true],"woocommerce_thumbnail":["https:\/\/ferligs.com\/wp-content\/uploads\/2023\/05\/8339-Webp820x680-300x249.webp",300,249,true],"woocommerce_single":["https:\/\/ferligs.com\/wp-content\/uploads\/2023\/05\/8339-Webp820x680-600x498.webp",600,498,true],"woocommerce_gallery_thumbnail":["https:\/\/ferligs.com\/wp-content\/uploads\/2023\/05\/8339-Webp820x680-100x100.webp",100,100,true]},"post_excerpt_stackable_v2":"<p>Lobe X Frame Table Legs are heavy-duty welded steel legs made from 8 \u00d7 4 cm steel tube with solid steel flanges, designed to support up to 150 kg and fit tabletops up to 280 \u00d7 120 cm; available in powder-coated or raw steel finish in Black, Bronze, Dark Grey, Gold, Light Grey, and White, they include 5 mm mounting holes, adjustable feet, felt pads, and are sold as a pair with custom options for color, finish, height, width, and mounting hole configuration.<\/p>\n","category_list_v2":"","author_info_v2":{"name":"","url":""},"comments_num_v2":"0 comentarios","jetpack_publicize_connections":[],"jetpack_sharing_enabled":true,"_links":{"self":[{"href":"https:\/\/ferligs.com\/es\/wp-json\/wp\/v2\/product\/1521","targetHints":{"allow":["GET"]}}],"collection":[{"href":"https:\/\/ferligs.com\/es\/wp-json\/wp\/v2\/product"}],"about":[{"href":"https:\/\/ferligs.com\/es\/wp-json\/wp\/v2\/types\/product"}],"wp:featuredmedia":[{"embeddable":true,"href":"https:\/\/ferligs.com\/es\/wp-json\/wp\/v2\/media\/1524"}],"wp:attachment":[{"href":"https:\/\/ferligs.com\/es\/wp-json\/wp\/v2\/media?parent=1521"}],"wp:term":[{"taxonomy":"product_brand","embeddable":true,"href":"https:\/\/ferligs.com\/es\/wp-json\/wp\/v2\/product_brand?post=1521"},{"taxonomy":"product_cat","embeddable":true,"href":"https:\/\/ferligs.com\/es\/wp-json\/wp\/v2\/product_cat?post=1521"},{"taxonomy":"product_tag","embeddable":true,"href":"https:\/\/ferligs.com\/es\/wp-json\/wp\/v2\/product_tag?post=1521"}],"curies":[{"name":"wp","href":"https:\/\/api.w.org\/{rel}","templated":true}]}}