{"id":1515,"date":"2023-05-24T13:20:48","date_gmt":"2023-05-24T10:20:48","guid":{"rendered":"https:\/\/ferligs.com\/?post_type=product&#038;p=1515"},"modified":"2026-03-05T18:46:43","modified_gmt":"2026-03-05T16:46:43","slug":"ramata","status":"publish","type":"product","link":"https:\/\/ferligs.com\/es\/product\/ramata\/","title":{"rendered":"RAMATA \u2013 Patas de mesa a juego (en forma de U)"},"content":{"rendered":"<p>Las patas de mesa en forma de U Ramata est\u00e1n dise\u00f1adas para aquellos que aprecian las l\u00edneas limpias y las proporciones equilibradas. La cl\u00e1sica estructura rectangular crea una base visual s\u00f3lida, al tiempo que mantiene un aspecto general minimalista y elegante, lo que convierte a estas patas en la opci\u00f3n perfecta para mesas de comedor, escritorios ejecutivos, islas de cocina y grandes superficies de trabajo, tanto en interiores modernos como tradicionales.<\/p>\n<p>Fabricadas con tubos de acero macizo de 10 \u00d7 10 cm con bridas de acero reforzado y una estructura totalmente soldada, las patas Ramata proporcionan una estabilidad excepcional y una base s\u00f3lida. Con una capacidad de carga de hasta 150 kg y compatibles con tableros de hasta 280 \u00d7 120 cm, son ideales para tableros pesados de madera maciza, losas gruesas o tableros llamativos en los que la resistencia y la fiabilidad son esenciales. Los orificios de montaje de 5 mm, preparados con precisi\u00f3n, garantizan una instalaci\u00f3n segura y precisa.<\/p>\n<p>Las patas est\u00e1n fabricadas con tubos de acero macizo de 10 \u00d7 10 cm con bridas de acero reforzado y una estructura totalmente soldada, lo que garantiza una excelente estabilidad y una gran seguridad. Con una capacidad de carga de hasta 150 kg y una superficie de apoyo de hasta 280 \u00d7 120 cm, son ideales para mesas de madera maciza pesada, tableros gruesos o tableros expresivos en los que la resistencia y la fiabilidad son esenciales. Los orificios de montaje de 5 mm, mecanizados con precisi\u00f3n, garantizan una instalaci\u00f3n segura y precisa.<\/p>","protected":false},"excerpt":{"rendered":"<p>Las patas de mesa en forma de U Ramata son patas cl\u00e1sicas de acero soldado de alta resistencia fabricadas con tubos de acero macizo de 10 \u00d7 10 cm con robustas bridas de acero, dise\u00f1adas para soportar hasta 150 kg y adaptarse a tableros de hasta 280 \u00d7 120 cm. disponibles en acabado de acero con recubrimiento en polvo o sin tratar en negro, bronce, gris oscuro, dorado, gris claro y blanco, cuentan con orificios de montaje de 5 mm e incluyen patas ajustables y almohadillas de fieltro, con opciones personalizadas de color, tipo de acabado, altura, anchura y configuraci\u00f3n de los orificios de montaje.<\/p>","protected":false},"featured_media":1516,"template":"","meta":{"jetpack_publicize_message":"","jetpack_publicize_feature_enabled":true,"jetpack_social_post_already_shared":true,"jetpack_social_options":{"image_generator_settings":{"template":"highway","default_image_id":0,"font":"","enabled":false},"version":2}},"product_brand":[578],"product_cat":[113],"product_tag":[699],"class_list":{"0":"post-1515","1":"product","2":"type-product","3":"status-publish","4":"has-post-thumbnail","6":"product_brand-ferligs","7":"product_cat-table-legs","8":"product_tag-u-shaped-table-legs","9":"product_shipping_class-tables-legs","11":"first","12":"instock","13":"sale","14":"taxable","15":"shipping-taxable","16":"purchasable","17":"product-type-variable","18":"has-default-attributes"},"featured_image_urls_v2":{"full":["https:\/\/ferligs.com\/wp-content\/uploads\/2023\/05\/8985-Webp820x680.webp",820,680,false],"thumbnail":["https:\/\/ferligs.com\/wp-content\/uploads\/2023\/05\/8985-Webp820x680.webp",150,124,false],"medium":["https:\/\/ferligs.com\/wp-content\/uploads\/2023\/05\/8985-Webp820x680.webp",300,249,false],"medium_large":["https:\/\/ferligs.com\/wp-content\/uploads\/2023\/05\/8985-Webp820x680.webp",768,637,false],"large":["https:\/\/ferligs.com\/wp-content\/uploads\/2023\/05\/8985-Webp820x680.webp",820,680,false],"1536x1536":["https:\/\/ferligs.com\/wp-content\/uploads\/2023\/05\/8985-Webp820x680.webp",820,680,false],"2048x2048":["https:\/\/ferligs.com\/wp-content\/uploads\/2023\/05\/8985-Webp820x680.webp",820,680,false],"trp-custom-language-flag":["https:\/\/ferligs.com\/wp-content\/uploads\/2023\/05\/8985-Webp820x680.webp",14,12,false],"woocommerce_archive_thumbnail":["https:\/\/ferligs.com\/wp-content\/uploads\/2023\/05\/8985-Webp820x680-300x249.webp",300,249,true],"woocommerce_thumbnail":["https:\/\/ferligs.com\/wp-content\/uploads\/2023\/05\/8985-Webp820x680.webp",300,249,false],"woocommerce_single":["https:\/\/ferligs.com\/wp-content\/uploads\/2023\/05\/8985-Webp820x680.webp",600,498,false],"woocommerce_gallery_thumbnail":["https:\/\/ferligs.com\/wp-content\/uploads\/2023\/05\/8985-Webp820x680-100x100.webp",100,100,true]},"post_excerpt_stackable_v2":"<p>Ramata U-Shaped Table Legs are classic heavy-duty welded steel legs made from solid 10 \u00d7 10 cm steel tube with strong steel flanges, designed to support up to 150 kg and fit tabletops up to 280 \u00d7 120 cm; available in powder-coated or raw steel finish in Black, Bronze, Dark Grey, Gold, Light Grey, and White, they feature 5 mm mounting holes and include adjustable feet and felt pads, with custom options for color, finish type, height, width, and mounting hole configuration.<\/p>\n","category_list_v2":"","author_info_v2":{"name":"","url":""},"comments_num_v2":"0 comentarios","jetpack_publicize_connections":[],"jetpack_sharing_enabled":true,"_links":{"self":[{"href":"https:\/\/ferligs.com\/es\/wp-json\/wp\/v2\/product\/1515","targetHints":{"allow":["GET"]}}],"collection":[{"href":"https:\/\/ferligs.com\/es\/wp-json\/wp\/v2\/product"}],"about":[{"href":"https:\/\/ferligs.com\/es\/wp-json\/wp\/v2\/types\/product"}],"wp:featuredmedia":[{"embeddable":true,"href":"https:\/\/ferligs.com\/es\/wp-json\/wp\/v2\/media\/1516"}],"wp:attachment":[{"href":"https:\/\/ferligs.com\/es\/wp-json\/wp\/v2\/media?parent=1515"}],"wp:term":[{"taxonomy":"product_brand","embeddable":true,"href":"https:\/\/ferligs.com\/es\/wp-json\/wp\/v2\/product_brand?post=1515"},{"taxonomy":"product_cat","embeddable":true,"href":"https:\/\/ferligs.com\/es\/wp-json\/wp\/v2\/product_cat?post=1515"},{"taxonomy":"product_tag","embeddable":true,"href":"https:\/\/ferligs.com\/es\/wp-json\/wp\/v2\/product_tag?post=1515"}],"curies":[{"name":"wp","href":"https:\/\/api.w.org\/{rel}","templated":true}]}}