{"id":1099,"date":"2022-10-31T11:31:05","date_gmt":"2022-10-31T09:31:05","guid":{"rendered":"https:\/\/ferligs.com\/product\/v-neck-t-shirt\/"},"modified":"2026-04-11T09:31:28","modified_gmt":"2026-04-11T06:31:28","slug":"usma","status":"publish","type":"product","link":"https:\/\/ferligs.com\/es\/product\/usma\/","title":{"rendered":"Estufa Usma"},"content":{"rendered":"<p>Moderna estufa artesanal \"USMA\". El dise\u00f1o de ingenier\u00eda se basa en el conocimiento cient\u00edfico y la experiencia de cientos de a\u00f1os. Este dise\u00f1o \u00fanico combina ergonom\u00eda y compacidad. La estufa \"USMA\" es muy f\u00e1cil de instalar y de utilizar para calentar cualquier zona durante mucho tiempo.<br \/>\nLa estufa potbelly est\u00e1 fabricada con una aleaci\u00f3n met\u00e1lica que consume mucha energ\u00eda y permite calentar una habitaci\u00f3n de hasta 100 m2. Comienza a calentarse inmediatamente despu\u00e9s de encenderla, y el modo de combusti\u00f3n lenta crea las condiciones ideales para una combusti\u00f3n prolongada y completa del combustible.<br \/>\n\"USMA\" le permite utilizar casi cualquier tipo de combustible de encendido. Un dise\u00f1o bien pensado eliminar\u00e1 el olor a humo.<br \/>\nDebido a los altos precios del gas y la electricidad o cuando es t\u00e9cnicamente imposible utilizarlos, esta estufa universal puede ser una alternativa barata, que le permite ahorrar dinero en su factura para ser lo m\u00e1s rentable posible.<\/p>","protected":false},"excerpt":{"rendered":"<p>Estufa moderna artesanal \"USMA\"<\/p>","protected":false},"featured_media":1110,"template":"","meta":{"jetpack_publicize_message":"","jetpack_publicize_feature_enabled":true,"jetpack_social_post_already_shared":false,"jetpack_social_options":{"image_generator_settings":{"template":"highway","default_image_id":0,"font":"","enabled":false},"version":2}},"product_brand":[578],"product_cat":[32],"product_tag":[],"class_list":{"0":"post-1099","1":"product","2":"type-product","3":"status-publish","4":"has-post-thumbnail","6":"product_brand-ferligs","7":"product_cat-stoves","8":"product_shipping_class-stoves","10":"first","11":"instock","12":"taxable","13":"shipping-taxable","14":"purchasable","15":"product-type-variable","16":"has-default-attributes"},"featured_image_urls_v2":{"full":["https:\/\/ferligs.com\/wp-content\/uploads\/2022\/10\/USMA_WEB_2-1.webp",820,640,false],"thumbnail":["https:\/\/ferligs.com\/wp-content\/uploads\/2022\/10\/USMA_WEB_2-1-150x150.webp",150,150,true],"medium":["https:\/\/ferligs.com\/wp-content\/uploads\/2022\/10\/USMA_WEB_2-1-300x234.webp",300,234,true],"medium_large":["https:\/\/ferligs.com\/wp-content\/uploads\/2022\/10\/USMA_WEB_2-1-768x599.webp",768,599,true],"large":["https:\/\/ferligs.com\/wp-content\/uploads\/2022\/10\/USMA_WEB_2-1.webp",820,640,false],"1536x1536":["https:\/\/ferligs.com\/wp-content\/uploads\/2022\/10\/USMA_WEB_2-1.webp",820,640,false],"2048x2048":["https:\/\/ferligs.com\/wp-content\/uploads\/2022\/10\/USMA_WEB_2-1.webp",820,640,false],"trp-custom-language-flag":["https:\/\/ferligs.com\/wp-content\/uploads\/2022\/10\/USMA_WEB_2-1.webp",15,12,false],"woocommerce_archive_thumbnail":["https:\/\/ferligs.com\/wp-content\/uploads\/2022\/10\/USMA_WEB_2-1-300x234.webp",300,234,true],"woocommerce_thumbnail":["https:\/\/ferligs.com\/wp-content\/uploads\/2022\/10\/USMA_WEB_2-1-300x234.webp",300,234,true],"woocommerce_single":["https:\/\/ferligs.com\/wp-content\/uploads\/2022\/10\/USMA_WEB_2-1-600x468.webp",600,468,true],"woocommerce_gallery_thumbnail":["https:\/\/ferligs.com\/wp-content\/uploads\/2022\/10\/USMA_WEB_2-1-100x100.webp",100,100,true]},"post_excerpt_stackable_v2":"<p>Modern handmade potbelly stove \u201cUSMA\u201d<\/p>\n","category_list_v2":"","author_info_v2":{"name":"","url":""},"comments_num_v2":"0 comentarios","jetpack_publicize_connections":[],"jetpack_sharing_enabled":true,"_links":{"self":[{"href":"https:\/\/ferligs.com\/es\/wp-json\/wp\/v2\/product\/1099","targetHints":{"allow":["GET"]}}],"collection":[{"href":"https:\/\/ferligs.com\/es\/wp-json\/wp\/v2\/product"}],"about":[{"href":"https:\/\/ferligs.com\/es\/wp-json\/wp\/v2\/types\/product"}],"wp:featuredmedia":[{"embeddable":true,"href":"https:\/\/ferligs.com\/es\/wp-json\/wp\/v2\/media\/1110"}],"wp:attachment":[{"href":"https:\/\/ferligs.com\/es\/wp-json\/wp\/v2\/media?parent=1099"}],"wp:term":[{"taxonomy":"product_brand","embeddable":true,"href":"https:\/\/ferligs.com\/es\/wp-json\/wp\/v2\/product_brand?post=1099"},{"taxonomy":"product_cat","embeddable":true,"href":"https:\/\/ferligs.com\/es\/wp-json\/wp\/v2\/product_cat?post=1099"},{"taxonomy":"product_tag","embeddable":true,"href":"https:\/\/ferligs.com\/es\/wp-json\/wp\/v2\/product_tag?post=1099"}],"curies":[{"name":"wp","href":"https:\/\/api.w.org\/{rel}","templated":true}]}}