{"id":2609,"date":"2025-11-06T16:01:27","date_gmt":"2025-11-06T14:01:27","guid":{"rendered":"https:\/\/ferligs.com\/?post_type=product&#038;p=2609"},"modified":"2026-03-06T09:33:20","modified_gmt":"2026-03-06T07:33:20","slug":"misa-table-legs","status":"publish","type":"product","link":"https:\/\/ferligs.com\/de\/product\/misa-table-legs\/","title":{"rendered":"MISA &#8211; Metal Table Legs for Dining Tables"},"content":{"rendered":"<p>The Misa metal table legs bring elegance and strength to any dining table, combining modern style with exceptional durability. Crafted for rectangular tabletops, this meticulously designed table base offers superior stability and support, making it the perfect foundation for stylish and functional home or office furniture.<\/p>\n<p>Die hochwertige pulverbeschichtete Stahloberfl\u00e4che sorgt nicht nur f\u00fcr eine hervorragende Kratz-, Verschlei\u00df- und Korrosionsbest\u00e4ndigkeit, sondern verleiht modernen und industriellen Inneneinrichtungen auch eine elegante und raffinierte Note.<\/p>\n<p>Das Tischgestell Misa wird zerlegt geliefert. Der Aufbau des Tischgestells ist nicht schwierig \u2013 eine Aufbauanleitung liegt bei, und das Paket enth\u00e4lt alles, was Sie daf\u00fcr ben\u00f6tigen.<\/p>\n<p>Die Details sind mit einer hochwertigen Pulverbeschichtung versehen. Die Beschichtung ist strapazierf\u00e4hig und h\u00e4lt viele Jahre lang, sodass die Beine ihr Aussehen und ihre Leistungsf\u00e4higkeit \u00fcber lange Zeit behalten.<\/p>\n<p>Das Metalltischgestell Misa eignet sich perfekt f\u00fcr Esstische, Schreibtische, K\u00fcchentheken oder sogar Konferenztische und verleiht jedem Raum ein professionelles, elegantes Aussehen, w\u00e4hrend es gleichzeitig eine zuverl\u00e4ssige und stabile Grundlage bietet. Durch seine minimalistische und dennoch industrielle \u00c4sthetik eignet es sich f\u00fcr moderne Wohnungen, B\u00fcros, Ateliers und gewerbliche Innenr\u00e4ume, wo es den Gesamtstil aufwertet und gleichzeitig praktische Funktionalit\u00e4t und Stabilit\u00e4t bietet.<\/p>\n<p>Dieser Tisch kann nach Ihren eigenen Ma\u00dfen und Vorgaben ma\u00dfgefertigt werden.<\/p>\n<p>Der Preis gilt nur f\u00fcr das Tischgestell. Die Tischplatte ist nicht im Lieferumfang enthalten.<\/p>","protected":false},"excerpt":{"rendered":"<p>Stilvolle und stabile Metalltischbeine f\u00fcr rechteckige Tische. Hergestellt aus strapazierf\u00e4higem, pulverbeschichtetem Stahl, kratz- und korrosionsbest\u00e4ndig. Sondergr\u00f6\u00dfen erh\u00e4ltlich. Lieferung zerlegt mit allen Teilen. <strong>Tischplatte nicht im Lieferumfang enthalten.<\/strong><\/p>","protected":false},"featured_media":2561,"template":"","meta":{"jetpack_publicize_message":"","jetpack_publicize_feature_enabled":true,"jetpack_social_post_already_shared":false,"jetpack_social_options":{"image_generator_settings":{"template":"highway","default_image_id":0,"font":"","enabled":false},"version":2}},"product_brand":[578],"product_cat":[113],"product_tag":[705,704,698],"class_list":{"0":"post-2609","1":"product","2":"type-product","3":"status-publish","4":"has-post-thumbnail","6":"product_brand-ferligs","7":"product_cat-table-legs","8":"product_tag-spider-legs","9":"product_tag-table-bases","10":"product_tag-x-shaped-table-legs","11":"product_shipping_class-tables-legs","13":"first","14":"instock","15":"sale","16":"featured","17":"taxable","18":"shipping-taxable","19":"purchasable","20":"product-type-variable","21":"has-default-attributes"},"featured_image_urls_v2":{"full":["https:\/\/ferligs.com\/wp-content\/uploads\/2025\/11\/misa-table-legs-2-scaled.webp",2560,1926,false],"thumbnail":["https:\/\/ferligs.com\/wp-content\/uploads\/2025\/11\/misa-table-legs-2-150x150.webp",150,150,true],"medium":["https:\/\/ferligs.com\/wp-content\/uploads\/2025\/11\/misa-table-legs-2-300x226.webp",300,226,true],"medium_large":["https:\/\/ferligs.com\/wp-content\/uploads\/2025\/11\/misa-table-legs-2-768x578.webp",768,578,true],"large":["https:\/\/ferligs.com\/wp-content\/uploads\/2025\/11\/misa-table-legs-2-1024x770.webp",1024,770,true],"1536x1536":["https:\/\/ferligs.com\/wp-content\/uploads\/2025\/11\/misa-table-legs-2-1536x1155.webp",1536,1155,true],"2048x2048":["https:\/\/ferligs.com\/wp-content\/uploads\/2025\/11\/misa-table-legs-2-2048x1541.webp",2048,1541,true],"trp-custom-language-flag":["https:\/\/ferligs.com\/wp-content\/uploads\/2025\/11\/misa-table-legs-2-16x12.webp",16,12,true],"woocommerce_archive_thumbnail":["https:\/\/ferligs.com\/wp-content\/uploads\/2025\/11\/misa-table-legs-2-300x226.webp",300,226,true],"woocommerce_thumbnail":["https:\/\/ferligs.com\/wp-content\/uploads\/2025\/11\/misa-table-legs-2-300x226.webp",300,226,true],"woocommerce_single":["https:\/\/ferligs.com\/wp-content\/uploads\/2025\/11\/misa-table-legs-2-600x451.webp",600,451,true],"woocommerce_gallery_thumbnail":["https:\/\/ferligs.com\/wp-content\/uploads\/2025\/11\/misa-table-legs-2-100x100.webp",100,100,true]},"post_excerpt_stackable_v2":"<p>Stylish and strong metal table legs for rectangular tables. Made from durable powder-coated steel, resistant to scratches and corrosion. Custom sizes available. Delivered unassembled with all parts included. <strong>Tabletop not included.<\/strong><\/p>\n","category_list_v2":"","author_info_v2":{"name":"","url":""},"comments_num_v2":"0 comments","jetpack_publicize_connections":[],"jetpack_sharing_enabled":true,"_links":{"self":[{"href":"https:\/\/ferligs.com\/de\/wp-json\/wp\/v2\/product\/2609","targetHints":{"allow":["GET"]}}],"collection":[{"href":"https:\/\/ferligs.com\/de\/wp-json\/wp\/v2\/product"}],"about":[{"href":"https:\/\/ferligs.com\/de\/wp-json\/wp\/v2\/types\/product"}],"wp:featuredmedia":[{"embeddable":true,"href":"https:\/\/ferligs.com\/de\/wp-json\/wp\/v2\/media\/2561"}],"wp:attachment":[{"href":"https:\/\/ferligs.com\/de\/wp-json\/wp\/v2\/media?parent=2609"}],"wp:term":[{"taxonomy":"product_brand","embeddable":true,"href":"https:\/\/ferligs.com\/de\/wp-json\/wp\/v2\/product_brand?post=2609"},{"taxonomy":"product_cat","embeddable":true,"href":"https:\/\/ferligs.com\/de\/wp-json\/wp\/v2\/product_cat?post=2609"},{"taxonomy":"product_tag","embeddable":true,"href":"https:\/\/ferligs.com\/de\/wp-json\/wp\/v2\/product_tag?post=2609"}],"curies":[{"name":"wp","href":"https:\/\/api.w.org\/{rel}","templated":true}]}}