{"id":1935,"date":"2025-02-26T07:52:45","date_gmt":"2025-02-26T05:52:45","guid":{"rendered":"https:\/\/ferligs.com\/?post_type=product&#038;p=1935"},"modified":"2026-03-05T16:14:46","modified_gmt":"2026-03-05T14:14:46","slug":"melnupe","status":"publish","type":"product","link":"https:\/\/ferligs.com\/de\/product\/melnupe\/","title":{"rendered":"MELNUPE \u2013 Paar Tischfu\u00df in M-Form"},"content":{"rendered":"<p>Die M-f\u00f6rmigen Tischbeine aus Stahl im Air-Design MELNUPE verbinden minimalistisches Design mit hoher Stabilit\u00e4t. Ideal f\u00fcr Ess-, Schreib- und Arbeitstische im Loft- oder Industrial-Stil.<\/p>\n<p>Hergestellt aus hochwertigen Stahlflanschen und Profilrohr (8 \u00d7 2 cm oder 8 \u00d7 4 cm). Die verschwei\u00dfte Konstruktion tr\u00e4gt bis zu 150 kg. 5 mm Montagebohrungen sorgen f\u00fcr sichere Befestigung, h\u00f6henverstellbare F\u00fc\u00dfe gleichen Unebenheiten aus.<\/p>\n<p>Erh\u00e4ltlich pulverbeschichtet oder in Rohstahl. Farben: Schwarz, Wei\u00df, Dunkelgrau, Hellgrau, Gold und Bronze.<\/p>\n<p>Im Lieferumfang enthalten: Tischbeine, verstellbare F\u00fc\u00dfe und Filzgleiter. Individuelle Optionen verf\u00fcgbar.<\/p>","protected":false},"excerpt":{"rendered":"<p>M-f\u00f6rmige Tischbeine aus Stahl im Air-Design MELNUPE sind robuste Tischbeine im modernen Industrial-Stil. Gefertigt aus verschwei\u00dften Stahlflanschen und Profilrohr, erh\u00e4ltlich pulverbeschichtet oder in Rohstahl. Tragf\u00e4higkeit bis 150 kg, geeignet f\u00fcr Tischplatten bis 280 \u00d7 120 cm.<\/p>","protected":false},"featured_media":1939,"template":"","meta":{"jetpack_publicize_message":"","jetpack_publicize_feature_enabled":true,"jetpack_social_post_already_shared":true,"jetpack_social_options":{"image_generator_settings":{"template":"highway","default_image_id":0,"font":"","enabled":false},"version":2}},"product_brand":[578],"product_cat":[113],"product_tag":[700],"class_list":{"0":"post-1935","1":"product","2":"type-product","3":"status-publish","4":"has-post-thumbnail","6":"product_brand-ferligs","7":"product_cat-table-legs","8":"product_tag-m-shaped-table-legs","9":"product_shipping_class-tables-legs","11":"first","12":"instock","13":"sale","14":"taxable","15":"shipping-taxable","16":"purchasable","17":"product-type-variable","18":"has-default-attributes"},"featured_image_urls_v2":{"full":["https:\/\/ferligs.com\/wp-content\/uploads\/2025\/02\/TBL_18_1640x1360_7.webp",1640,1360,false],"thumbnail":["https:\/\/ferligs.com\/wp-content\/uploads\/2025\/02\/TBL_18_1640x1360_7-150x150.webp",150,150,true],"medium":["https:\/\/ferligs.com\/wp-content\/uploads\/2025\/02\/TBL_18_1640x1360_7-300x249.webp",300,249,true],"medium_large":["https:\/\/ferligs.com\/wp-content\/uploads\/2025\/02\/TBL_18_1640x1360_7-768x637.webp",768,637,true],"large":["https:\/\/ferligs.com\/wp-content\/uploads\/2025\/02\/TBL_18_1640x1360_7-1024x849.webp",1024,849,true],"1536x1536":["https:\/\/ferligs.com\/wp-content\/uploads\/2025\/02\/TBL_18_1640x1360_7-1536x1274.webp",1536,1274,true],"2048x2048":["https:\/\/ferligs.com\/wp-content\/uploads\/2025\/02\/TBL_18_1640x1360_7.webp",1640,1360,false],"trp-custom-language-flag":["https:\/\/ferligs.com\/wp-content\/uploads\/2025\/02\/TBL_18_1640x1360_7-14x12.webp",14,12,true],"woocommerce_archive_thumbnail":["https:\/\/ferligs.com\/wp-content\/uploads\/2025\/02\/TBL_18_1640x1360_7-300x249.webp",300,249,true],"woocommerce_thumbnail":["https:\/\/ferligs.com\/wp-content\/uploads\/2025\/02\/TBL_18_1640x1360_7-300x249.webp",300,249,true],"woocommerce_single":["https:\/\/ferligs.com\/wp-content\/uploads\/2025\/02\/TBL_18_1640x1360_7-600x498.webp",600,498,true],"woocommerce_gallery_thumbnail":["https:\/\/ferligs.com\/wp-content\/uploads\/2025\/02\/TBL_18_1640x1360_7-100x100.webp",100,100,true]},"post_excerpt_stackable_v2":"<p>M-Shaped air Table Legs MELNUPE are durable steel table legs designed in a modern industrial style. Made from welded steel flanges and steel tube, they are available in powder-coated or raw steel finishes and support up to 150 kg. Suitable for tabletops up to 280 \u00d7 120 cm, these legs combine strength, stability, and a sleek architectural look.<\/p>\n","category_list_v2":"","author_info_v2":{"name":"","url":""},"comments_num_v2":"0 comments","jetpack_publicize_connections":[],"jetpack_sharing_enabled":true,"_links":{"self":[{"href":"https:\/\/ferligs.com\/de\/wp-json\/wp\/v2\/product\/1935","targetHints":{"allow":["GET"]}}],"collection":[{"href":"https:\/\/ferligs.com\/de\/wp-json\/wp\/v2\/product"}],"about":[{"href":"https:\/\/ferligs.com\/de\/wp-json\/wp\/v2\/types\/product"}],"wp:featuredmedia":[{"embeddable":true,"href":"https:\/\/ferligs.com\/de\/wp-json\/wp\/v2\/media\/1939"}],"wp:attachment":[{"href":"https:\/\/ferligs.com\/de\/wp-json\/wp\/v2\/media?parent=1935"}],"wp:term":[{"taxonomy":"product_brand","embeddable":true,"href":"https:\/\/ferligs.com\/de\/wp-json\/wp\/v2\/product_brand?post=1935"},{"taxonomy":"product_cat","embeddable":true,"href":"https:\/\/ferligs.com\/de\/wp-json\/wp\/v2\/product_cat?post=1935"},{"taxonomy":"product_tag","embeddable":true,"href":"https:\/\/ferligs.com\/de\/wp-json\/wp\/v2\/product_tag?post=1935"}],"curies":[{"name":"wp","href":"https:\/\/api.w.org\/{rel}","templated":true}]}}