{"id":1568,"date":"2023-07-24T18:36:59","date_gmt":"2023-07-24T15:36:59","guid":{"rendered":"https:\/\/ferligs.com\/?post_type=product&#038;p=1568"},"modified":"2026-03-05T16:12:11","modified_gmt":"2026-03-05T14:12:11","slug":"irbe","status":"publish","type":"product","link":"https:\/\/ferligs.com\/de\/product\/irbe\/","title":{"rendered":"IRBE | X-f\u00f6rmige Tischbeine (2 St\u00fcck)"},"content":{"rendered":"<p>Die Metalltischbeine Irbe verk\u00f6rpern Eleganz und Vielseitigkeit. Sie sind aus hochwertigem Stahl gefertigt und haben ein markantes X-f\u00f6rmiges Design, das sich nahtlos in jeden Einrichtungsstil einf\u00fcgt, vom modernen Minimalismus bis hin zum klassischen Dekor. Dieses Beinpaar bietet eine stabile und stilvolle Grundlage f\u00fcr verschiedene Tischplatten und wertet die Gesamt\u00e4sthetik von Esszimmern, B\u00fcros oder Wohnr\u00e4umen auf. Mit ihren klaren Linien und ausgewogenen Proportionen verleihen die Irbe-Beine dem Raum eine raffinierte Note, ohne die Atmosph\u00e4re zu dominieren.<\/p>\n<p>Die Irbe-Beine bestehen aus robusten Stahlrohren mit den Ma\u00dfen 8 x 8 cm und sind mit Stahlflanschen zur zus\u00e4tzlichen Verst\u00e4rkung versehen. Dank ihrer Schwei\u00dfkonstruktion zeichnen sie sich durch au\u00dfergew\u00f6hnliche Stabilit\u00e4t und eine Tragf\u00e4higkeit von bis zu 150 kg aus. Die pulverbeschichtete Oberfl\u00e4che bietet hervorragende Haltbarkeit, ist kratz-, korrosions- und verschlei\u00dffest und sorgt daf\u00fcr, dass das Produkt viele Jahre lang sein makelloses Aussehen beh\u00e4lt. F\u00fcr diejenigen, die einen industriellen Look bevorzugen, ist eine Option aus rohem Stahl erh\u00e4ltlich, wodurch sich die Beine m\u00fchelos in verschiedene Designkonzepte einf\u00fcgen lassen.<\/p>\n<p>Die Installation ist bemerkenswert einfach, da die Beine mit 5-mm-Befestigungsl\u00f6chern vorgebohrt sind, die eine einfache Befestigung an der von Ihnen gew\u00e4hlten Tischplatte erm\u00f6glichen. Auf Wunsch sind jedoch auch Sondergr\u00f6\u00dfen erh\u00e4ltlich. Das Paket enth\u00e4lt verstellbare F\u00fc\u00dfe zum Ausrichten auf unebenen Oberfl\u00e4chen, Filzgleiter zum Schutz des Bodens und die beiden X-f\u00f6rmigen Beine, sodass die Montage in den meisten F\u00e4llen schnell und ohne Werkzeug erfolgt. Diese Beine sind f\u00fcr Tischplatten mit einer Gr\u00f6\u00dfe von bis zu 280 x 120 cm ausgelegt und bieten zuverl\u00e4ssige Stabilit\u00e4t f\u00fcr den t\u00e4glichen Gebrauch oder zur Unterhaltung.<\/p>\n<p>Der Irbe ist vollst\u00e4ndig an Ihre spezifischen Bed\u00fcrfnisse anpassbar und bietet Optionen f\u00fcr H\u00f6he (Standard 70 cm mit ~1 cm Verstellbarkeit), Breite (60\/70\/80 cm), Farben wie Schwarz, Bronze, Dunkelgrau, Gold, Hellgrau, Wei\u00df oder Rohstahl sowie verschiedene Oberfl\u00e4chenausf\u00fchrungen. Dank dieser Flexibilit\u00e4t k\u00f6nnen Sie die Beine genau auf Ihre Ma\u00dfe und Vorlieben zuschneiden und so eine perfekte Passform f\u00fcr jedes Projekt gew\u00e4hrleisten. <\/p>","protected":false},"excerpt":{"rendered":"<p>Elegante und langlebige X-f\u00f6rmige Tischbeine IRBE aus hochwertigem Stahl (80 \u00d7 80 mm). Pulverbeschichtet f\u00fcr eine langlebige Oberfl\u00e4che. Einfach zu montieren, inklusive verstellbarer F\u00fc\u00dfe. Verkauf als Paar (2 St\u00fcck). Sondergr\u00f6\u00dfen erh\u00e4ltlich. Tischplatte nicht im Lieferumfang enthalten.<\/p>","protected":false},"featured_media":1570,"template":"","meta":{"jetpack_publicize_message":"","jetpack_publicize_feature_enabled":true,"jetpack_social_post_already_shared":true,"jetpack_social_options":{"image_generator_settings":{"template":"highway","default_image_id":0,"font":"","enabled":false},"version":2}},"product_brand":[578],"product_cat":[113],"product_tag":[698],"class_list":{"0":"post-1568","1":"product","2":"type-product","3":"status-publish","4":"has-post-thumbnail","6":"product_brand-ferligs","7":"product_cat-table-legs","8":"product_tag-x-shaped-table-legs","9":"product_shipping_class-tables-legs","11":"first","12":"instock","13":"sale","14":"taxable","15":"shipping-taxable","16":"purchasable","17":"product-type-variable","18":"has-default-attributes"},"featured_image_urls_v2":{"full":["https:\/\/ferligs.com\/wp-content\/uploads\/2023\/07\/9766-Webp-1640x1360-1.webp",1640,1360,false],"thumbnail":["https:\/\/ferligs.com\/wp-content\/uploads\/2023\/07\/9766-Webp-1640x1360-1.webp",150,124,false],"medium":["https:\/\/ferligs.com\/wp-content\/uploads\/2023\/07\/9766-Webp-1640x1360-1.webp",300,249,false],"medium_large":["https:\/\/ferligs.com\/wp-content\/uploads\/2023\/07\/9766-Webp-1640x1360-1.webp",768,637,false],"large":["https:\/\/ferligs.com\/wp-content\/uploads\/2023\/07\/9766-Webp-1640x1360-1.webp",1024,849,false],"1536x1536":["https:\/\/ferligs.com\/wp-content\/uploads\/2023\/07\/9766-Webp-1640x1360-1.webp",1536,1274,false],"2048x2048":["https:\/\/ferligs.com\/wp-content\/uploads\/2023\/07\/9766-Webp-1640x1360-1.webp",1640,1360,false],"trp-custom-language-flag":["https:\/\/ferligs.com\/wp-content\/uploads\/2023\/07\/9766-Webp-1640x1360-1.webp",14,12,false],"woocommerce_archive_thumbnail":["https:\/\/ferligs.com\/wp-content\/uploads\/2023\/07\/9766-Webp-1640x1360-1-300x249.webp",300,249,true],"woocommerce_thumbnail":["https:\/\/ferligs.com\/wp-content\/uploads\/2023\/07\/9766-Webp-1640x1360-1.webp",300,249,false],"woocommerce_single":["https:\/\/ferligs.com\/wp-content\/uploads\/2023\/07\/9766-Webp-1640x1360-1.webp",600,498,false],"woocommerce_gallery_thumbnail":["https:\/\/ferligs.com\/wp-content\/uploads\/2023\/07\/9766-Webp-1640x1360-1-100x100.webp",100,100,true]},"post_excerpt_stackable_v2":"<p>Elegant and durable X-shaped table legs IRBE made of high-quality steel (80&#215;80 mm). Powder-coated for a long-lasting finish. Easy to install, adjustable feet included. Sold as a pair (2 pcs). Custom sizes available. Tabletop not included.<\/p>\n","category_list_v2":"","author_info_v2":{"name":"","url":""},"comments_num_v2":"0 comments","jetpack_publicize_connections":[],"jetpack_sharing_enabled":true,"_links":{"self":[{"href":"https:\/\/ferligs.com\/de\/wp-json\/wp\/v2\/product\/1568","targetHints":{"allow":["GET"]}}],"collection":[{"href":"https:\/\/ferligs.com\/de\/wp-json\/wp\/v2\/product"}],"about":[{"href":"https:\/\/ferligs.com\/de\/wp-json\/wp\/v2\/types\/product"}],"wp:featuredmedia":[{"embeddable":true,"href":"https:\/\/ferligs.com\/de\/wp-json\/wp\/v2\/media\/1570"}],"wp:attachment":[{"href":"https:\/\/ferligs.com\/de\/wp-json\/wp\/v2\/media?parent=1568"}],"wp:term":[{"taxonomy":"product_brand","embeddable":true,"href":"https:\/\/ferligs.com\/de\/wp-json\/wp\/v2\/product_brand?post=1568"},{"taxonomy":"product_cat","embeddable":true,"href":"https:\/\/ferligs.com\/de\/wp-json\/wp\/v2\/product_cat?post=1568"},{"taxonomy":"product_tag","embeddable":true,"href":"https:\/\/ferligs.com\/de\/wp-json\/wp\/v2\/product_tag?post=1568"}],"curies":[{"name":"wp","href":"https:\/\/api.w.org\/{rel}","templated":true}]}}