{"id":1533,"date":"2023-05-24T13:29:29","date_gmt":"2023-05-24T10:29:29","guid":{"rendered":"https:\/\/ferligs.com\/?post_type=product&#038;p=1533"},"modified":"2026-03-05T18:50:05","modified_gmt":"2026-03-05T16:50:05","slug":"rauna","status":"publish","type":"product","link":"https:\/\/ferligs.com\/de\/product\/rauna\/","title":{"rendered":"RAUNA \u2013 Paar Tischbeine f\u00fcr Esstisch"},"content":{"rendered":"<p>Die Tischbeine Rauna zeichnen sich durch ein cleveres, raffiniertes Design aus, das drei verschiedene Ausrichtungen unter der Tischplatte erm\u00f6glicht und vielf\u00e4ltige \u00e4sthetische Optionen bietet, um sich den sich wandelnden Einrichtungsvorlieben anzupassen. Durch diesen facettenreichen Ansatz eignen sie sich hervorragend f\u00fcr anpassungsf\u00e4hige R\u00e4ume wie Wohnungen, Restaurants oder Studios, in denen ein ver\u00e4nderter Look die Umgebung leicht auffrischen kann. Diese Beine betonen die Eleganz und verwandeln Standardtische in vielseitige Elemente, die Funktionalit\u00e4t mit kreativem Ausdruck verbinden.<\/p>\n<p>Die Befestigung ist dank standardm\u00e4\u00dfiger 5-mm-Vorbohrungen, die bei Bedarf angepasst werden k\u00f6nnen, ganz einfach und erm\u00f6glicht eine schnelle Verbindung mit der von Ihnen gew\u00e4hlten Platte. Die mitgelieferten verstellbaren F\u00fc\u00dfe erm\u00f6glichen eine pr\u00e4zise Ausrichtung auf unterschiedlichen Oberfl\u00e4chen, und Filzgleiter sch\u00fctzen vor Abdr\u00fccken auf dem Boden und verbessern gleichzeitig die Funktionalit\u00e4t. Diese intuitive Installation kommt ohne komplexe Ausr\u00fcstung aus und ist sowohl f\u00fcr Anf\u00e4nger als auch f\u00fcr Experten im Bereich Montage attraktiv.<\/p>\n<p>Die umfangreichen Personalisierungsm\u00f6glichkeiten umfassen eine H\u00f6he von 71 cm, eine Breite von 60, 70 oder 80 cm und Farben wie Bronze, Dunkelgrau oder Hellgrau. W\u00e4hlen Sie aus verschiedenen Oberfl\u00e4chenvarianten die zu Ihrem Konzept passende aus und passen Sie die Befestigungsl\u00f6cher f\u00fcr eine nahtlose Kompatibilit\u00e4t an. Der Rauna eignet sich f\u00fcr den privaten oder gesch\u00e4ftlichen Gebrauch und bietet zahlreiche Konfigurationsm\u00f6glichkeiten ohne Tischplatte, sodass Sie das ultimative M\u00f6belst\u00fcck gestalten k\u00f6nnen.<\/p>","protected":false},"excerpt":{"rendered":"<p>Die Metalltischbeine Rauna zeichnen sich durch ein raffiniertes und anpassungsf\u00e4higes Design aus, das eine Platzierung unter der Tischplatte in drei Ausrichtungen erm\u00f6glicht, um unterschiedliche visuelle Stile zu schaffen, die sich perfekt f\u00fcr vielseitige M\u00f6belarrangements eignen. Diese geschwei\u00dften Beine bestehen aus stabilen Stahlrohren in den Gr\u00f6\u00dfen 3 x 3 cm oder 6 x 6 cm, die mit Stahlflanschen verst\u00e4rkt sind. Sie tragen bis zu 150 kg und sind f\u00fcr Tischplatten bis zu einer Gr\u00f6\u00dfe von 280 x 120 cm geeignet, sodass sie zuverl\u00e4ssige Unterst\u00fctzung f\u00fcr vielf\u00e4ltige Anwendungen bieten. <\/p>","protected":false},"featured_media":1535,"template":"","meta":{"jetpack_publicize_message":"","jetpack_publicize_feature_enabled":true,"jetpack_social_post_already_shared":true,"jetpack_social_options":{"image_generator_settings":{"template":"highway","default_image_id":0,"font":"","enabled":false},"version":2}},"product_brand":[578],"product_cat":[113],"product_tag":[707],"class_list":{"0":"post-1533","1":"product","2":"type-product","3":"status-publish","4":"has-post-thumbnail","6":"product_brand-ferligs","7":"product_cat-table-legs","8":"product_tag-v-shaped-table-legs","9":"product_shipping_class-tables-legs","11":"first","12":"instock","13":"sale","14":"taxable","15":"shipping-taxable","16":"purchasable","17":"product-type-variable","18":"has-default-attributes"},"featured_image_urls_v2":{"full":["https:\/\/ferligs.com\/wp-content\/uploads\/2023\/05\/9054-Webp820x680.webp",820,680,false],"thumbnail":["https:\/\/ferligs.com\/wp-content\/uploads\/2023\/05\/9054-Webp820x680.webp",150,124,false],"medium":["https:\/\/ferligs.com\/wp-content\/uploads\/2023\/05\/9054-Webp820x680.webp",300,249,false],"medium_large":["https:\/\/ferligs.com\/wp-content\/uploads\/2023\/05\/9054-Webp820x680.webp",768,637,false],"large":["https:\/\/ferligs.com\/wp-content\/uploads\/2023\/05\/9054-Webp820x680.webp",820,680,false],"1536x1536":["https:\/\/ferligs.com\/wp-content\/uploads\/2023\/05\/9054-Webp820x680.webp",820,680,false],"2048x2048":["https:\/\/ferligs.com\/wp-content\/uploads\/2023\/05\/9054-Webp820x680.webp",820,680,false],"trp-custom-language-flag":["https:\/\/ferligs.com\/wp-content\/uploads\/2023\/05\/9054-Webp820x680.webp",14,12,false],"woocommerce_archive_thumbnail":["https:\/\/ferligs.com\/wp-content\/uploads\/2023\/05\/9054-Webp820x680-300x249.webp",300,249,true],"woocommerce_thumbnail":["https:\/\/ferligs.com\/wp-content\/uploads\/2023\/05\/9054-Webp820x680.webp",300,249,false],"woocommerce_single":["https:\/\/ferligs.com\/wp-content\/uploads\/2023\/05\/9054-Webp820x680.webp",600,498,false],"woocommerce_gallery_thumbnail":["https:\/\/ferligs.com\/wp-content\/uploads\/2023\/05\/9054-Webp820x680-100x100.webp",100,100,true]},"post_excerpt_stackable_v2":"<p>The Rauna metal table legs feature a sophisticated and adaptable design, enabling placement under the tabletop in three orientations to create distinct visual styles, perfect for versatile furniture arrangements. Constructed from strong steel tubes in 3 x 3 cm or 6 x 6 cm sizes reinforced with steel flanges, these welded legs handle up to 150 kg and accommodate tabletops up to 280 x 120 cm, delivering reliable support for multiple applications. <\/p>\n","category_list_v2":"","author_info_v2":{"name":"","url":""},"comments_num_v2":"0 comments","jetpack_publicize_connections":[],"jetpack_sharing_enabled":true,"_links":{"self":[{"href":"https:\/\/ferligs.com\/de\/wp-json\/wp\/v2\/product\/1533","targetHints":{"allow":["GET"]}}],"collection":[{"href":"https:\/\/ferligs.com\/de\/wp-json\/wp\/v2\/product"}],"about":[{"href":"https:\/\/ferligs.com\/de\/wp-json\/wp\/v2\/types\/product"}],"wp:featuredmedia":[{"embeddable":true,"href":"https:\/\/ferligs.com\/de\/wp-json\/wp\/v2\/media\/1535"}],"wp:attachment":[{"href":"https:\/\/ferligs.com\/de\/wp-json\/wp\/v2\/media?parent=1533"}],"wp:term":[{"taxonomy":"product_brand","embeddable":true,"href":"https:\/\/ferligs.com\/de\/wp-json\/wp\/v2\/product_brand?post=1533"},{"taxonomy":"product_cat","embeddable":true,"href":"https:\/\/ferligs.com\/de\/wp-json\/wp\/v2\/product_cat?post=1533"},{"taxonomy":"product_tag","embeddable":true,"href":"https:\/\/ferligs.com\/de\/wp-json\/wp\/v2\/product_tag?post=1533"}],"curies":[{"name":"wp","href":"https:\/\/api.w.org\/{rel}","templated":true}]}}