{"id":1521,"date":"2023-05-24T13:24:10","date_gmt":"2023-05-24T10:24:10","guid":{"rendered":"https:\/\/ferligs.com\/?post_type=product&#038;p=1521"},"modified":"2026-03-05T18:46:07","modified_gmt":"2026-03-05T16:46:07","slug":"lobe-table-legs","status":"publish","type":"product","link":"https:\/\/ferligs.com\/de\/product\/lobe-table-legs\/","title":{"rendered":"LOBE \u2013 Paar Tischbeine (X-f\u00f6rmig)"},"content":{"rendered":"<p>Die Tischbeine Lobe x frame verbinden modernes Industriedesign mit struktureller Festigkeit und verf\u00fcgen \u00fcber eine vollst\u00e4ndig verschwei\u00dfte X-f\u00f6rmige Konstruktion, die maximale Stabilit\u00e4t f\u00fcr Esstische, Schreibtische, Konferenztische und individuelle M\u00f6belprojekte gew\u00e4hrleistet. Sie bestehen aus strapazierf\u00e4higem 8 \u00d7 4 cm Stahlrohr und sind mit massiven Stahlflanschen verst\u00e4rkt. Sie bieten eine Tragf\u00e4higkeit von bis zu 150 kg und eignen sich f\u00fcr gro\u00dfe Tischplatten mit einer Gr\u00f6\u00dfe von bis zu 280 \u00d7 120 cm.<\/p>\n<p>Diese Tischbeine mit X-Rahmen sind mit Pulverbeschichtung oder in Rohstahloptik erh\u00e4ltlich und in einer Vielzahl von Farben verf\u00fcgbar, darunter Schwarz, Bronze, Dunkelgrau, Gold, Hellgrau und Wei\u00df. Die pulverbeschichtete Variante bietet zus\u00e4tzliche Kratz- und Korrosionsbest\u00e4ndigkeit, sodass sich die Beine sowohl f\u00fcr Wohn- als auch f\u00fcr Gesch\u00e4ftsr\u00e4ume eignen, in denen Langlebigkeit und eine klare architektonische \u00c4sthetik gefragt sind.<\/p>\n<p>Jedes Paar verf\u00fcgt \u00fcber verstellbare F\u00fc\u00dfe zum Ausgleichen von Unebenheiten im Boden, Filzgleiter zum Schutz der Oberfl\u00e4che und pr\u00e4zise positionierte 5-mm-Befestigungsl\u00f6cher f\u00fcr eine sichere und einfache Montage. Die Beine sind vollst\u00e4ndig anpassbar, sodass Sie Farbe, Oberfl\u00e4chenausf\u00fchrung, H\u00f6he, Breite und Konfiguration der Befestigungsl\u00f6cher perfekt auf die Abmessungen Ihrer Tischplatte und die Anforderungen Ihres Projekts abstimmen k\u00f6nnen. Damit sind die Tischbeine Lobe x frame die ideale L\u00f6sung f\u00fcr ma\u00dfgeschneiderte M\u00f6bel und professionelle Innenausstattungsprojekte.<\/p>","protected":false},"excerpt":{"rendered":"<p>Lobe X Frame Tischbeine sind hochbelastbare, geschwei\u00dfte Stahlbeine aus 8 \u00d7 4 cm Stahlrohr mit massiven Stahlflanschen, die f\u00fcr eine Belastung von bis zu 150 kg ausgelegt sind und f\u00fcr Tischplatten mit einer Gr\u00f6\u00dfe von bis zu 280 \u00d7 120 cm geeignet sind. Sie sind in pulverbeschichteter oder roher Stahlausf\u00fchrung in Schwarz, Bronze, Dunkelgrau, Gold, Hellgrau und Wei\u00df erh\u00e4ltlich, verf\u00fcgen \u00fcber 5-mm-Befestigungsl\u00f6cher, verstellbare F\u00fc\u00dfe und Filzgleiter und werden als Paar mit individuellen Optionen f\u00fcr Farbe, Oberfl\u00e4che, H\u00f6he, Breite und Befestigungslochkonfiguration verkauft.<\/p>","protected":false},"featured_media":1524,"template":"","meta":{"jetpack_publicize_message":"","jetpack_publicize_feature_enabled":true,"jetpack_social_post_already_shared":true,"jetpack_social_options":{"image_generator_settings":{"template":"highway","default_image_id":0,"font":"","enabled":false},"version":2}},"product_brand":[578],"product_cat":[113],"product_tag":[698],"class_list":{"0":"post-1521","1":"product","2":"type-product","3":"status-publish","4":"has-post-thumbnail","6":"product_brand-ferligs","7":"product_cat-table-legs","8":"product_tag-x-shaped-table-legs","9":"product_shipping_class-tables-legs","11":"first","12":"instock","13":"sale","14":"taxable","15":"shipping-taxable","16":"purchasable","17":"product-type-variable","18":"has-default-attributes"},"featured_image_urls_v2":{"full":["https:\/\/ferligs.com\/wp-content\/uploads\/2023\/05\/8339-Webp820x680.webp",820,680,false],"thumbnail":["https:\/\/ferligs.com\/wp-content\/uploads\/2023\/05\/8339-Webp820x680-150x150.webp",150,150,true],"medium":["https:\/\/ferligs.com\/wp-content\/uploads\/2023\/05\/8339-Webp820x680-300x249.webp",300,249,true],"medium_large":["https:\/\/ferligs.com\/wp-content\/uploads\/2023\/05\/8339-Webp820x680-768x637.webp",768,637,true],"large":["https:\/\/ferligs.com\/wp-content\/uploads\/2023\/05\/8339-Webp820x680.webp",820,680,false],"1536x1536":["https:\/\/ferligs.com\/wp-content\/uploads\/2023\/05\/8339-Webp820x680.webp",820,680,false],"2048x2048":["https:\/\/ferligs.com\/wp-content\/uploads\/2023\/05\/8339-Webp820x680.webp",820,680,false],"trp-custom-language-flag":["https:\/\/ferligs.com\/wp-content\/uploads\/2023\/05\/8339-Webp820x680.webp",14,12,false],"woocommerce_archive_thumbnail":["https:\/\/ferligs.com\/wp-content\/uploads\/2023\/05\/8339-Webp820x680-300x249.webp",300,249,true],"woocommerce_thumbnail":["https:\/\/ferligs.com\/wp-content\/uploads\/2023\/05\/8339-Webp820x680-300x249.webp",300,249,true],"woocommerce_single":["https:\/\/ferligs.com\/wp-content\/uploads\/2023\/05\/8339-Webp820x680-600x498.webp",600,498,true],"woocommerce_gallery_thumbnail":["https:\/\/ferligs.com\/wp-content\/uploads\/2023\/05\/8339-Webp820x680-100x100.webp",100,100,true]},"post_excerpt_stackable_v2":"<p>Lobe X Frame Table Legs are heavy-duty welded steel legs made from 8 \u00d7 4 cm steel tube with solid steel flanges, designed to support up to 150 kg and fit tabletops up to 280 \u00d7 120 cm; available in powder-coated or raw steel finish in Black, Bronze, Dark Grey, Gold, Light Grey, and White, they include 5 mm mounting holes, adjustable feet, felt pads, and are sold as a pair with custom options for color, finish, height, width, and mounting hole configuration.<\/p>\n","category_list_v2":"","author_info_v2":{"name":"","url":""},"comments_num_v2":"0 comments","jetpack_publicize_connections":[],"jetpack_sharing_enabled":true,"_links":{"self":[{"href":"https:\/\/ferligs.com\/de\/wp-json\/wp\/v2\/product\/1521","targetHints":{"allow":["GET"]}}],"collection":[{"href":"https:\/\/ferligs.com\/de\/wp-json\/wp\/v2\/product"}],"about":[{"href":"https:\/\/ferligs.com\/de\/wp-json\/wp\/v2\/types\/product"}],"wp:featuredmedia":[{"embeddable":true,"href":"https:\/\/ferligs.com\/de\/wp-json\/wp\/v2\/media\/1524"}],"wp:attachment":[{"href":"https:\/\/ferligs.com\/de\/wp-json\/wp\/v2\/media?parent=1521"}],"wp:term":[{"taxonomy":"product_brand","embeddable":true,"href":"https:\/\/ferligs.com\/de\/wp-json\/wp\/v2\/product_brand?post=1521"},{"taxonomy":"product_cat","embeddable":true,"href":"https:\/\/ferligs.com\/de\/wp-json\/wp\/v2\/product_cat?post=1521"},{"taxonomy":"product_tag","embeddable":true,"href":"https:\/\/ferligs.com\/de\/wp-json\/wp\/v2\/product_tag?post=1521"}],"curies":[{"name":"wp","href":"https:\/\/api.w.org\/{rel}","templated":true}]}}