{"id":1515,"date":"2023-05-24T13:20:48","date_gmt":"2023-05-24T10:20:48","guid":{"rendered":"https:\/\/ferligs.com\/?post_type=product&#038;p=1515"},"modified":"2026-03-05T18:46:43","modified_gmt":"2026-03-05T16:46:43","slug":"ramata","status":"publish","type":"product","link":"https:\/\/ferligs.com\/de\/product\/ramata\/","title":{"rendered":"RAMATA \u2013 Tischbeine im Doppelpack (U-f\u00f6rmig)"},"content":{"rendered":"<p>Die U-f\u00f6rmigen Tischbeine von Ramata wurden f\u00fcr alle entwickelt, die klare Linien und ausgewogene Proportionen sch\u00e4tzen. Der klassische rechteckige Rahmen schafft eine starke optische Grundlage und sorgt gleichzeitig f\u00fcr einen minimalistischen und eleganten Gesamteindruck. Damit sind diese Beine die perfekte Wahl f\u00fcr Esstische, Chefschreibtische, K\u00fccheninseln und gro\u00dfe Arbeitsfl\u00e4chen in modernen und traditionellen Innenr\u00e4umen.<\/p>\n<p>Die Ramata-Beine werden aus massivem 10 \u00d7 10 cm Stahlrohr mit verst\u00e4rkten Stahlflanschen und vollst\u00e4ndig verschwei\u00dfter Konstruktion hergestellt und bieten au\u00dfergew\u00f6hnliche Stabilit\u00e4t und einen sicheren Stand. Mit einer Tragf\u00e4higkeit von bis zu 150 kg und einer Unterst\u00fctzung f\u00fcr Tischplatten bis zu 280 \u00d7 120 cm sind sie ideal f\u00fcr schwere Massivholz-, dicke Platten- oder Statement-Tischplatten, bei denen Festigkeit und Zuverl\u00e4ssigkeit unerl\u00e4sslich sind. Die pr\u00e4zise gefertigten 5-mm-Befestigungsl\u00f6cher gew\u00e4hrleisten eine sichere und genaue Montage.<\/p>\n<p>Die Beine bestehen aus massiven 10 \u00d7 10 cm Stahlrohren mit verst\u00e4rkten Stahlflanschen und einer vollst\u00e4ndig verschwei\u00dften Konstruktion, die f\u00fcr hervorragende Stabilit\u00e4t und sicheren Stand sorgen. Mit einer Tragkraft von bis zu 150 kg und einer Unterst\u00fctzung f\u00fcr Tischplatten bis zu 280 \u00d7 120 cm eignen sie sich ideal f\u00fcr schwere Massivholz-, dicke Platten- oder ausdrucksstarke Tischplatten, bei denen Festigkeit und Zuverl\u00e4ssigkeit unerl\u00e4sslich sind. Pr\u00e4zise gefertigte 5-mm-Befestigungsl\u00f6cher gew\u00e4hrleisten eine sichere und genaue Montage.<\/p>","protected":false},"excerpt":{"rendered":"<p>Ramata U-f\u00f6rmige Tischbeine sind klassische, hochbelastbare Schwei\u00dfstahlbeine aus massivem 10 \u00d7 10 cm Stahlrohr mit starken Stahlflanschen, die f\u00fcr eine Belastung von bis zu 150 kg ausgelegt sind und f\u00fcr Tischplatten mit einer Gr\u00f6\u00dfe von bis zu 280 \u00d7 120 cm geeignet sind. Sie sind in pulverbeschichteter oder roher Stahlausf\u00fchrung in Schwarz, Bronze, Dunkelgrau, Gold, Hellgrau und Wei\u00df erh\u00e4ltlich, verf\u00fcgen \u00fcber 5-mm-Befestigungsl\u00f6cher und werden mit verstellbaren F\u00fc\u00dfen und Filzgleitern geliefert. Farbe, Ausf\u00fchrung, H\u00f6he, Breite und Konfiguration der Befestigungsl\u00f6cher k\u00f6nnen individuell angepasst werden.<\/p>","protected":false},"featured_media":1516,"template":"","meta":{"jetpack_publicize_message":"","jetpack_publicize_feature_enabled":true,"jetpack_social_post_already_shared":true,"jetpack_social_options":{"image_generator_settings":{"template":"highway","default_image_id":0,"font":"","enabled":false},"version":2}},"product_brand":[578],"product_cat":[113],"product_tag":[699],"class_list":{"0":"post-1515","1":"product","2":"type-product","3":"status-publish","4":"has-post-thumbnail","6":"product_brand-ferligs","7":"product_cat-table-legs","8":"product_tag-u-shaped-table-legs","9":"product_shipping_class-tables-legs","11":"first","12":"instock","13":"sale","14":"taxable","15":"shipping-taxable","16":"purchasable","17":"product-type-variable","18":"has-default-attributes"},"featured_image_urls_v2":{"full":["https:\/\/ferligs.com\/wp-content\/uploads\/2023\/05\/8985-Webp820x680.webp",820,680,false],"thumbnail":["https:\/\/ferligs.com\/wp-content\/uploads\/2023\/05\/8985-Webp820x680.webp",150,124,false],"medium":["https:\/\/ferligs.com\/wp-content\/uploads\/2023\/05\/8985-Webp820x680.webp",300,249,false],"medium_large":["https:\/\/ferligs.com\/wp-content\/uploads\/2023\/05\/8985-Webp820x680.webp",768,637,false],"large":["https:\/\/ferligs.com\/wp-content\/uploads\/2023\/05\/8985-Webp820x680.webp",820,680,false],"1536x1536":["https:\/\/ferligs.com\/wp-content\/uploads\/2023\/05\/8985-Webp820x680.webp",820,680,false],"2048x2048":["https:\/\/ferligs.com\/wp-content\/uploads\/2023\/05\/8985-Webp820x680.webp",820,680,false],"trp-custom-language-flag":["https:\/\/ferligs.com\/wp-content\/uploads\/2023\/05\/8985-Webp820x680.webp",14,12,false],"woocommerce_archive_thumbnail":["https:\/\/ferligs.com\/wp-content\/uploads\/2023\/05\/8985-Webp820x680-300x249.webp",300,249,true],"woocommerce_thumbnail":["https:\/\/ferligs.com\/wp-content\/uploads\/2023\/05\/8985-Webp820x680.webp",300,249,false],"woocommerce_single":["https:\/\/ferligs.com\/wp-content\/uploads\/2023\/05\/8985-Webp820x680.webp",600,498,false],"woocommerce_gallery_thumbnail":["https:\/\/ferligs.com\/wp-content\/uploads\/2023\/05\/8985-Webp820x680-100x100.webp",100,100,true]},"post_excerpt_stackable_v2":"<p>Ramata U-Shaped Table Legs are classic heavy-duty welded steel legs made from solid 10 \u00d7 10 cm steel tube with strong steel flanges, designed to support up to 150 kg and fit tabletops up to 280 \u00d7 120 cm; available in powder-coated or raw steel finish in Black, Bronze, Dark Grey, Gold, Light Grey, and White, they feature 5 mm mounting holes and include adjustable feet and felt pads, with custom options for color, finish type, height, width, and mounting hole configuration.<\/p>\n","category_list_v2":"","author_info_v2":{"name":"","url":""},"comments_num_v2":"0 comments","jetpack_publicize_connections":[],"jetpack_sharing_enabled":true,"_links":{"self":[{"href":"https:\/\/ferligs.com\/de\/wp-json\/wp\/v2\/product\/1515","targetHints":{"allow":["GET"]}}],"collection":[{"href":"https:\/\/ferligs.com\/de\/wp-json\/wp\/v2\/product"}],"about":[{"href":"https:\/\/ferligs.com\/de\/wp-json\/wp\/v2\/types\/product"}],"wp:featuredmedia":[{"embeddable":true,"href":"https:\/\/ferligs.com\/de\/wp-json\/wp\/v2\/media\/1516"}],"wp:attachment":[{"href":"https:\/\/ferligs.com\/de\/wp-json\/wp\/v2\/media?parent=1515"}],"wp:term":[{"taxonomy":"product_brand","embeddable":true,"href":"https:\/\/ferligs.com\/de\/wp-json\/wp\/v2\/product_brand?post=1515"},{"taxonomy":"product_cat","embeddable":true,"href":"https:\/\/ferligs.com\/de\/wp-json\/wp\/v2\/product_cat?post=1515"},{"taxonomy":"product_tag","embeddable":true,"href":"https:\/\/ferligs.com\/de\/wp-json\/wp\/v2\/product_tag?post=1515"}],"curies":[{"name":"wp","href":"https:\/\/api.w.org\/{rel}","templated":true}]}}